{"id":848,"date":"2024-05-21T15:38:56","date_gmt":"2024-05-21T19:38:56","guid":{"rendered":"https:\/\/www.auteures-auteurs-outaouais.org\/?page_id=848"},"modified":"2024-09-24T11:17:28","modified_gmt":"2024-09-24T15:17:28","slug":"promouvoir-son-livre","status":"publish","type":"page","link":"https:\/\/www.auteures-auteurs-outaouais.org\/en\/promouvoir-son-livre\/","title":{"rendered":"PROMOUVOIR SON LIVRE"},"content":{"rendered":"<div data-elementor-type=\"wp-page\" data-elementor-id=\"848\" class=\"elementor elementor-848\">\n\t\t\t\t\t\t<section class=\"elementor-section elementor-top-section elementor-element elementor-element-f8861ae elementor-section-boxed elementor-section-height-default elementor-section-height-default\" data-id=\"f8861ae\" data-element_type=\"section\" data-e-type=\"section\">\n\t\t\t\t\t\t<div class=\"elementor-container elementor-column-gap-default\">\n\t\t\t\t\t<div class=\"elementor-column elementor-col-100 elementor-top-column elementor-element elementor-element-946a040\" data-id=\"946a040\" data-element_type=\"column\" data-e-type=\"column\">\n\t\t\t<div class=\"elementor-widget-wrap elementor-element-populated\">\n\t\t\t\t\t\t<div class=\"elementor-element elementor-element-c0b6ca0 elementor-widget elementor-widget-text-editor\" data-id=\"c0b6ca0\" data-element_type=\"widget\" data-e-type=\"widget\" data-widget_type=\"text-editor.default\">\n\t\t\t\t<div class=\"elementor-widget-container\">\n\t\t\t\t\t\t\t\t\t<h1><a href=\"https:\/\/www.auteures-auteurs-outaouais.org\/en\/promouvoir-son-livre\/\">Promouvoir son livre<\/a><\/h1><p>En tant que membre de l\u2019AAAO : contactez notre agent aux communications \u00e0 <strong><span style=\"text-decoration: underline;\"><a href=\"mailto:communications@aaao.ca\">communications@aaao.ca<\/a><\/span><\/strong>, pour promouvoir votre livre et annoncer votre lancement sur nos r\u00e9seaux sociaux.<\/p><p>Si vous \u00eates un.e auteur.e en auto\u00e9dition ou en \u00e9dition \u00e0 compte d\u2019auteur.e, contactez des librairies ind\u00e9pendantes de la r\u00e9gion (Librairie <em>Bouquinart<\/em>, librairie <em>Rose-Marie<\/em>) pour d\u00e9poser des exemplaires en consignation. La librairie <em>Rose-Marie<\/em> offre notamment un vaste r\u00e9pertoire d\u2019auteurs et auteures de l\u2019Outaouais et a comme mandat de fournir \u00e0 la biblioth\u00e8que de Gatineau, des livres d\u2019auteur.e.s de la r\u00e9gion.\u00a0\u00a0 Pour conclure une entente avec un libraire, il vous faudra r\u00e9diger un contrat simple en notant le nombre d\u2019exemplaires laiss\u00e9s, le prix au d\u00e9tail, le pourcentage de redevance pris par le libraire et la dur\u00e9e de la consignation. Les deux parties doivent ensuite signer le document.\u00a0<\/p><p>Vous pouvez contactez la biblioth\u00e8que de la ville de Gatineau <span style=\"text-decoration: underline;\"><strong><a href=\"https:\/\/www.gatineau.ca\/portail\/default.aspx?p=guichet_municipal\/bibliotheque\/communiquez_avec_nous\">via leur page du site internet dans la section \u201d<em>communiquez avec nous<\/em>\u201d<\/a><\/strong><\/span>.\u00a0 \u00c9crivez-leur en indiquant que vous \u00eates membre de l\u2019AAAO, que vous venez de publier un ouvrage et que vous voudriez que la biblioth\u00e8que en fasse l\u2019acquisition.<\/p><p>Notez que votre livre doit imp\u00e9rativement \u00eatre disponible chez un libraire de la r\u00e9gion puisque la loi du Qu\u00e9bec oblige les biblioth\u00e8ques \u00e0 acheter des livres provenant seulement des libraires agr\u00e9\u00e9s. Vous pouvez aussi vous inscrire au <span style=\"text-decoration: underline;\"><strong><a href=\"https:\/\/droitdepretpublic.ca\/\">programme du droit de pr\u00eat public DPP<\/a><\/strong><\/span>. Ce programme vous permet de recevoir des montants pour les livres pr\u00eat\u00e9s en biblioth\u00e8que.\u00a0\u00a0\u00a0<\/p>\t\t\t\t\t\t\t\t<\/div>\n\t\t\t\t<\/div>\n\t\t\t\t\t<\/div>\n\t\t<\/div>\n\t\t\t\t\t<\/div>\n\t\t<\/section>\n\t\t\t\t<\/div>","protected":false},"excerpt":{"rendered":"<p>Promouvoir son livre En tant que membre de l\u2019AAAO : contactez notre agent aux communications \u00e0 communications@aaao.ca, pour promouvoir votre livre et [&hellip;]<\/p>\n","protected":false},"author":1,"featured_media":0,"parent":0,"menu_order":0,"comment_status":"closed","ping_status":"closed","template":"","meta":{"footnotes":""},"class_list":["post-848","page","type-page","status-publish","hentry"],"_links":{"self":[{"href":"https:\/\/www.auteures-auteurs-outaouais.org\/en\/wp-json\/wp\/v2\/pages\/848","targetHints":{"allow":["GET"]}}],"collection":[{"href":"https:\/\/www.auteures-auteurs-outaouais.org\/en\/wp-json\/wp\/v2\/pages"}],"about":[{"href":"https:\/\/www.auteures-auteurs-outaouais.org\/en\/wp-json\/wp\/v2\/types\/page"}],"author":[{"embeddable":true,"href":"https:\/\/www.auteures-auteurs-outaouais.org\/en\/wp-json\/wp\/v2\/users\/1"}],"replies":[{"embeddable":true,"href":"https:\/\/www.auteures-auteurs-outaouais.org\/en\/wp-json\/wp\/v2\/comments?post=848"}],"version-history":[{"count":19,"href":"https:\/\/www.auteures-auteurs-outaouais.org\/en\/wp-json\/wp\/v2\/pages\/848\/revisions"}],"predecessor-version":[{"id":2665,"href":"https:\/\/www.auteures-auteurs-outaouais.org\/en\/wp-json\/wp\/v2\/pages\/848\/revisions\/2665"}],"wp:attachment":[{"href":"https:\/\/www.auteures-auteurs-outaouais.org\/en\/wp-json\/wp\/v2\/media?parent=848"}],"curies":[{"name":"wp","href":"https:\/\/api.w.org\/{rel}","templated":true}]}}