{"id":846,"date":"2024-05-21T15:38:56","date_gmt":"2024-05-21T19:38:56","guid":{"rendered":"https:\/\/www.auteures-auteurs-outaouais.org\/?page_id=846"},"modified":"2024-09-24T11:14:21","modified_gmt":"2024-09-24T15:14:21","slug":"trouver-la-bonne-maison-dedition","status":"publish","type":"page","link":"https:\/\/www.auteures-auteurs-outaouais.org\/en\/trouver-la-bonne-maison-dedition\/","title":{"rendered":"TROUVER LA BONNE MAISON D&rsquo;\u00c9DITION"},"content":{"rendered":"<div data-elementor-type=\"wp-page\" data-elementor-id=\"846\" class=\"elementor elementor-846\">\n\t\t\t\t\t\t<section class=\"elementor-section elementor-top-section elementor-element elementor-element-d05f249 elementor-section-boxed elementor-section-height-default elementor-section-height-default\" data-id=\"d05f249\" data-element_type=\"section\" data-e-type=\"section\">\n\t\t\t\t\t\t<div class=\"elementor-container elementor-column-gap-default\">\n\t\t\t\t\t<div class=\"elementor-column elementor-col-100 elementor-top-column elementor-element elementor-element-de57a4d\" data-id=\"de57a4d\" data-element_type=\"column\" data-e-type=\"column\">\n\t\t\t<div class=\"elementor-widget-wrap elementor-element-populated\">\n\t\t\t\t\t\t\t<\/div>\n\t\t<\/div>\n\t\t\t\t\t<\/div>\n\t\t<\/section>\n\t\t\t\t<section class=\"elementor-section elementor-top-section elementor-element elementor-element-27143d8 elementor-section-boxed elementor-section-height-default elementor-section-height-default\" data-id=\"27143d8\" data-element_type=\"section\" data-e-type=\"section\">\n\t\t\t\t\t\t<div class=\"elementor-container elementor-column-gap-default\">\n\t\t\t\t\t<div class=\"elementor-column elementor-col-100 elementor-top-column elementor-element elementor-element-7e3580c\" data-id=\"7e3580c\" data-element_type=\"column\" data-e-type=\"column\">\n\t\t\t<div class=\"elementor-widget-wrap elementor-element-populated\">\n\t\t\t\t\t\t<div class=\"elementor-element elementor-element-b7b7ba3 elementor-widget elementor-widget-text-editor\" data-id=\"b7b7ba3\" data-element_type=\"widget\" data-e-type=\"widget\" data-widget_type=\"text-editor.default\">\n\t\t\t\t<div class=\"elementor-widget-container\">\n\t\t\t\t\t\t\t\t\t<h1><b>Trouver la maison d&rsquo;\u00e9dition id\u00e9ale pour son projet<\/b><\/h1><p>Tout d\u2019abord, vous devez d\u00e9finir votre genre litt\u00e9raire. Quel type de livre \u00e9crivez-vous\u00a0? Roman, essais, po\u00e9sie, bande dessin\u00e9e, biographie, nouvelle, etc.<\/p><p>Ensuite, vous devenez d\u00e9fini le genre et\/ou le public cible.<\/p><p>Voici un exemple\u00a0:<\/p><p>Quel est le genre de votre roman\u00a0? Une romance, un roman d\u2019horreur, un drame, un livre fantastique\u00a0?<\/p><p>\u00c0 qui s\u2019adresse-t-il\u00a0? Est-ce un roman pour les enfants, les adolescents ou les adultes\u00a0?<\/p><p>Lorsque vous d\u00e9tenez ces informations de base, vous pouvez alors faire une recherche de maison d\u2019\u00e9dition qui doit \u00eatre faite en fonction du type de livre, du genre et du public cible.<\/p><p>Une fois que vous avez s\u00e9lectionn\u00e9 quelques maisons d\u2019\u00e9dition. Pour chaque maison d\u2019\u00e9dition, il est important de faire des recherches approfondies. Quels sont les livres publi\u00e9s par cette maison d\u2019\u00e9dition\u00a0? \u00a0Est-ce que le type de couverture fait par l\u2019\u00e9diteur me satisfait\u00a0? Quelle est la r\u00e9putation de la maison d\u2019\u00e9dition\u2009? Existe-t-il des critiques, des commentaires d\u2019appr\u00e9ciation ou des commentaires n\u00e9gatifs ?<\/p><p>Il est aussi appropri\u00e9 de feuilleter un de leur ouvrage pour s\u2019assurer de leur qualit\u00e9.<\/p><p><strong><span style=\"text-decoration: underline;\"><a href=\"https:\/\/www.auteures-auteurs-outaouais.org\/en\/maisons-dedtion\/\">Consultez la liste des maisons d&rsquo;\u00e9dition sur notre site Web !<\/a><\/span><\/strong><\/p>\t\t\t\t\t\t\t\t<\/div>\n\t\t\t\t<\/div>\n\t\t\t\t\t<\/div>\n\t\t<\/div>\n\t\t\t\t\t<\/div>\n\t\t<\/section>\n\t\t\t\t<\/div>","protected":false},"excerpt":{"rendered":"<p>Trouver la maison d&rsquo;\u00e9dition id\u00e9ale pour son projet Tout d\u2019abord, vous devez d\u00e9finir votre genre litt\u00e9raire. Quel type de livre \u00e9crivez-vous\u00a0? Roman, [&hellip;]<\/p>\n","protected":false},"author":1,"featured_media":0,"parent":0,"menu_order":0,"comment_status":"closed","ping_status":"closed","template":"","meta":{"footnotes":""},"class_list":["post-846","page","type-page","status-publish","hentry"],"_links":{"self":[{"href":"https:\/\/www.auteures-auteurs-outaouais.org\/en\/wp-json\/wp\/v2\/pages\/846","targetHints":{"allow":["GET"]}}],"collection":[{"href":"https:\/\/www.auteures-auteurs-outaouais.org\/en\/wp-json\/wp\/v2\/pages"}],"about":[{"href":"https:\/\/www.auteures-auteurs-outaouais.org\/en\/wp-json\/wp\/v2\/types\/page"}],"author":[{"embeddable":true,"href":"https:\/\/www.auteures-auteurs-outaouais.org\/en\/wp-json\/wp\/v2\/users\/1"}],"replies":[{"embeddable":true,"href":"https:\/\/www.auteures-auteurs-outaouais.org\/en\/wp-json\/wp\/v2\/comments?post=846"}],"version-history":[{"count":20,"href":"https:\/\/www.auteures-auteurs-outaouais.org\/en\/wp-json\/wp\/v2\/pages\/846\/revisions"}],"predecessor-version":[{"id":2662,"href":"https:\/\/www.auteures-auteurs-outaouais.org\/en\/wp-json\/wp\/v2\/pages\/846\/revisions\/2662"}],"wp:attachment":[{"href":"https:\/\/www.auteures-auteurs-outaouais.org\/en\/wp-json\/wp\/v2\/media?parent=846"}],"curies":[{"name":"wp","href":"https:\/\/api.w.org\/{rel}","templated":true}]}}