{"id":845,"date":"2024-05-21T15:38:56","date_gmt":"2024-05-21T19:38:56","guid":{"rendered":"https:\/\/www.auteures-auteurs-outaouais.org\/?page_id=845"},"modified":"2024-09-24T10:15:52","modified_gmt":"2024-09-24T14:15:52","slug":"faire-un-lancement","status":"publish","type":"page","link":"https:\/\/www.auteures-auteurs-outaouais.org\/en\/faire-un-lancement\/","title":{"rendered":"FAIRE UN LANCEMENT"},"content":{"rendered":"<div data-elementor-type=\"wp-page\" data-elementor-id=\"845\" class=\"elementor elementor-845\">\n\t\t\t\t\t\t<section class=\"elementor-section elementor-top-section elementor-element elementor-element-53c6164b elementor-section-boxed elementor-section-height-default elementor-section-height-default\" data-id=\"53c6164b\" data-element_type=\"section\" data-e-type=\"section\">\n\t\t\t\t\t\t<div class=\"elementor-container elementor-column-gap-default\">\n\t\t\t\t\t<div class=\"elementor-column elementor-col-100 elementor-top-column elementor-element elementor-element-149b11df\" data-id=\"149b11df\" data-element_type=\"column\" data-e-type=\"column\" data-settings=\"{&quot;background_background&quot;:&quot;classic&quot;}\">\n\t\t\t<div class=\"elementor-widget-wrap elementor-element-populated\">\n\t\t\t\t\t\t<div class=\"elementor-element elementor-element-b73d01b elementor-widget elementor-widget-text-editor\" data-id=\"b73d01b\" data-element_type=\"widget\" data-e-type=\"widget\" data-widget_type=\"text-editor.default\">\n\t\t\t\t<div class=\"elementor-widget-container\">\n\t\t\t\t\t\t\t\t\t<p><\/p>\n<h1>Petit guide : le lancement d\u2019un ouvrage en Outaouais (par l\u2019auteur R\u00e9my Beaulieu)<\/h1>\n<p><\/p>\n<p><\/p>\n<p>Nombreux sont les membres de l\u2019Association des auteurs et auteures de l\u2019Outaouais qui doivent organiser un lancement et se posent les questions de base : o\u00f9, quand, comment, qui ? Pour organiser votre lancement, il faut identifier les publics cibles. S\u2019agit-il d\u2019un roman jeunesse, d\u2019un livre qui porte sur l\u2019environnement, une biographie, un livre historique, ou un livre dont l\u2019action se passe dans une r\u00e9gion ou un pays donn\u00e9 ? Dans chacun des cas, certaines personnes pourront avoir un int\u00e9r\u00eat plus marqu\u00e9. Par exemple si votre livre porte sur l\u2019environnement, il y a de nombreuses associations dans la r\u00e9gion qui pourraient s\u2019y int\u00e9resser. Peut-\u00eatre les connaissez-vous d\u00e9j\u00e0 ?<\/p>\n<p><\/p>\n<p><\/p>\n<p>Il est \u00e9galement important de r\u00e9fl\u00e9chir au lieu o\u00f9 se retrouve son lectorat. Par exemple, si vous avez l\u2019impression que vos lecteur.trice.s habitent majoritairement l\u2019est de Gatineau, il ne serait peut-\u00eatre pas une bonne id\u00e9e de tenir votre lancement dans le secteur Aylmer et l\u2019inverse est vrai. En contrepartie, Hull est un secteur plus central en Outaouais, plus accessible autant pour les gens de l\u2019est, l\u2019ouest et de la r\u00e9gion d\u2019Ottawa.<\/p>\n<p><\/p>\n<p><\/p>\n<p>Pensez \u00e9galement \u00e0 des endroits que vous aimez fr\u00e9quenter et que vous ch\u00e9rissez. Peut-\u00eatre qu\u2019il y a l\u00e0 mati\u00e8re \u00e0 faire un lancement.\u00a0\u00a0\u00a0\u00a0\u00a0 Petit conseil : \u00ab Prenez-vous \u00e0 l\u2019avance et ne vous \u00e9nervez pas \u00bb. La fr\u00e9n\u00e9sie de recevoir vos livres imprim\u00e9s peut s\u2019emparer de vous et vous poussez \u00e0 pr\u00e9cipiter l\u2019organisation de l\u2019\u00e9v\u00e9nement. Songez alors que vous avez travaill\u00e9 des mois sinon des ann\u00e9es pour \u00e9crire et r\u00e9viser ce livre, alors quelques semaines de plus ne feront pas la diff\u00e9rence. Mieux vaut bien faire les choses, pour attirer le plus de gens possible autour et de vous et avoir plus de chance d\u2019attirer l\u2019attention des m\u00e9dias.<\/p>\n<p><\/p>\n<p><\/p>\n<p><strong>O\u00f9?<\/strong> \u2013La Biblioth\u00e8que de Gatineau offre diverses salles (Maison du Citoyen, Maison de la culture, autres). Pour effectuer une r\u00e9servation, vous pouvez contacter soit : Biblioth\u00e8que de Gatineau : 819-595-7460 et demander, soit Nancy Bilodeau (nancy@gatineau.ca) ou Raphael Lavoie (lavoie.raphael@gatineau.ca). \u2013Les librairies ind\u00e9pendantes de notre r\u00e9gion. La libraire Rose-Marie \u00e0 Buckingham et la librairie Bouquinart dans le secteur Aylmer sont des endroits qui organisent \u00e0 l\u2019occasion des \u00e9v\u00e9nements litt\u00e9raires et qui encouragent r\u00e9guli\u00e8rement les auteur.e.s de notre r\u00e9gion. Il se pourrait qu\u2019ils soient int\u00e9ress\u00e9s par votre lancement. Vous pouvez facilement les contacter via leur page Facebook ou sur leur site Web.\u00a0 \u2013Les bistros ou caf\u00e9s de notre r\u00e9gion. Plusieurs caf\u00e9s, bistros ou pubs organisent des \u00e9v\u00e9nements litt\u00e9raires. Plus on attire de client\u00e8les dans ces lieux, plus l\u2019endroit peut faire des ventes au niveau des consommations, donc \u00e7a pourrait \u00eatre une formule gagnant-gagnant. R\u00e9fl\u00e9chissez \u00e0 un endroit strat\u00e9gique. \u00c0 titre d\u2019exemple, la microbrasserie \u00c0 la D\u00e9rive \u00e0 Gatineau organise r\u00e9guli\u00e8rement des spectacles et joutes slam, tout comme le bistro Le Troquet.\u00a0 \u2013Contactez des associations ou organismes qui pourraient s\u2019int\u00e9resser \u00e0 votre livre et qui voudraient peut-\u00eatre accueillir votre lancement. Par exemple, si vous souhaitez rejoindre les personnes \u00e2g\u00e9es, vous pourriez contacter : Mme Chantal Sabourin de l\u2019entreprise Chartwell (csabourin@chartwell.com). Du c\u00f4t\u00e9 d\u2019Ottawa, vous pourriez prendre contact avec l\u2019ACFO (Association canadienne-fran\u00e7aise de l\u2019Ontario -Conseil d\u2019Ottawa) : Anjolina Hamel (communication@acfoOttawa.ca) ou l\u2019Institut canadien-fran\u00e7ais d\u2019Ottawa (ICFO) :\u00a0 Robert Joly (joly@rogers.ca)\u00a0\u00a0 \u2013Contacter les Salons du livre. Si vous n\u2019avez pas trouv\u00e9 un endroit sp\u00e9cifique \u00e0 un lancement, peut-\u00eatre qu\u2019une simple pr\u00e9sence \u00e0 un Salon du livre peut \u00eatre une belle excuse pour y c\u00e9l\u00e9brer en m\u00eame temps la naissance d\u2019un livre.<\/p>\n<p><\/p>\n<p><\/p>\n<p>L\u2019AAAO tient une liste exhaustive des salons du livre \u00e0 travers le pays. Vous pouvez vous y r\u00e9f\u00e9rer en cliquant ici. Vous pouvez \u00e9galement contacter l\u2019AAAO qui organise maintenant un Salon du livre ind\u00e9pendant chaque ann\u00e9e. Le Salon du livre de l\u2019Outaouais (SLO) peut \u00eatre une bonne option. Vous pouvez les contacter \u00e0 admin@slo.qc.ca et leur proposer une activit\u00e9.<\/p>\n<p><\/p>\n<p><\/p>\n<p><strong>Quand ?<\/strong>\u00a0\u00a0\u00a0\u00a0 \u00c0 vous de voir en fonction du public. L\u2019\u00e9v\u00e9nement pourrait avoir lieu \u00e0 tout moment en fonction de la disponibilit\u00e9 des salles. Certains pr\u00e9f\u00e8rent le dimanche apr\u00e8s-midi de pr\u00e9f\u00e9rence au printemps ou \u00e0 l\u2019automne, car en \u00e9t\u00e9 beaucoup de monde peuvent \u00eatre en vacances tandis qu\u2019en hiver, les d\u00e9placements peuvent \u00eatre plus difficiles. Il pourra s\u2019agir d\u2019une date fixe qui correspond au sujet de votre livre : par exemple, le jour d\u2019un anniversaire, s\u2019il s\u2019agit d\u2019une biographie, ou la Journ\u00e9e internationale de la terre s\u2019il s\u2019agit d\u2019environnement ou le jour de la f\u00eate nationale de tel ou tel pays, s\u2019il s\u2019agit d\u2019un livre portant sur votre pays d\u2019origine. Dans tous les cas, il faudra vous assurer aupr\u00e8s de l\u2019\u00e9diteur ou de l\u2019imprimeur que le livre sera pr\u00eat \u00e0 temps, calculez quelques semaines \u00e0 l\u2019avance pour ne pas faire monter la pression.\u00a0\u00a0 Comment ?\u00a0\u00a0\u00a0\u00a0\u00a0 Le programme devrait \u00eatre simple. Vous pourriez animer vous-m\u00eame l\u2019\u00e9v\u00e9nement, ou faire appel \u00e0 un ma\u00eetre de c\u00e9r\u00e9monie pour pr\u00e9senter l\u2019auteur.e\/projet, suivi d\u2019une pr\u00e9sentation de l\u2019ouvrage publi\u00e9 en mentionnant :<\/p>\n<p><\/p>\n<p><\/p>\n<ul class=\"wp-block-list\">\n<li style=\"list-style-type: none;\">\n<ul>\n<li>i) la source d\u2019inspiration,<\/li>\n<\/ul>\n<\/li>\n<\/ul>\n<p><\/p>\n<p><\/p>\n<p><\/p>\n<ul class=\"wp-block-list\">\n<li style=\"list-style-type: none;\">\n<ul>\n<li>ii) le sujet,<\/li>\n<\/ul>\n<\/li>\n<\/ul>\n<p><\/p>\n<p><\/p>\n<p><\/p>\n<ul class=\"wp-block-list\">\n<li style=\"list-style-type: none;\">\n<ul>\n<li>iii) les al\u00e9as de l\u2019\u00e9criture et<\/li>\n<\/ul>\n<\/li>\n<\/ul>\n<p><\/p>\n<p><\/p>\n<p><\/p>\n<ul class=\"wp-block-list\">\n<li style=\"list-style-type: none;\">\n<ul>\n<li>iv) de la publication,<\/li>\n<\/ul>\n<\/li>\n<\/ul>\n<p><\/p>\n<p><\/p>\n<p><\/p>\n<ul class=\"wp-block-list\">\n<li style=\"list-style-type: none;\">\n<ul>\n<li>v) les commentaires d\u00e9j\u00e0 re\u00e7ues s\u2019il y en a. Le tout sera suivi d\u2019une s\u00e9ance de d\u00e9dicaces.\u00a0\u00a0\u00a0\u00a0 Un contenu visuel pour vous appuyer telle une pr\u00e9sentation PowerPoint est toujours un atout. Dans le cas \u00e9ch\u00e9ant, assurez vous qu\u2019un \u00e9cran est \u00e0 votre disposition lors de votre lancement.\u00a0 Des rafraichissements peuvent \u00eatre servis. Le menu pourrait s\u2019inspirer du sujet du livre : des bonbons ou chocolats pour un livre d\u2019enfant, un punch et des croustilles s\u2019il s\u2019agit d\u2019un pays en particulier.<\/li>\n<\/ul>\n<\/li>\n<\/ul>\n<p><\/p>\n<p><\/p>\n<p><\/p>\n<p><strong>Qui ?\u00a0\u00a0<\/strong>\u00a0\u00a0\u00a0 L\u2019Association des auteurs se fera bien s\u00fbr un plaisir de distribuer l\u2019invitation aux membres de l\u2019AAAO. Vous pouvez nous contacter \u00e0\u00a0 communications@aaao.ca \u00e0 ce sujet. Cependant, il ne faut pas oublier que vous avez int\u00e9r\u00eat \u00e0 utiliser vos r\u00e9seaux sociaux personnels et professionnels, ainsi que les contacts qui vous sont propres, pour promouvoir votre livre. Il ne faut pas sous-estimer votre r\u00e9seau ! Vous pouvez \u00e9galement vous r\u00e9f\u00e9rer au Guide des organismes communautaires de l\u2019Outaouais qui contient plusieurs centaines d\u2019organismes incluant leurs adresses courriels. Par exemple lors du lancement d\u2019un livre portant sur Ha\u00efti, la communaut\u00e9 ha\u00eftienne pourrait s\u2019y int\u00e9resser. Il existe plusieurs associations ha\u00eftiennes dans la r\u00e9gion. Ou un livre portant sur la jeunesse, la situation des femmes, etc.. offrent de nombreuses possibilit\u00e9s.<\/p>\n<p><\/p>\n<p><\/p>\n<p><strong>Publicit\u00e9 et Distribution<\/strong><\/p>\n<p><\/p>\n<p><\/p>\n<p>Avant d\u2019entamer une campagne de publicit\u00e9 pour votre livre ou lancement, n\u2019oubliez pas que la meilleure mani\u00e8re de vous promouvoir est simplement le bouche \u00e0 oreilles. Vous seriez surpris de voir combien de gens pourraient venir en personne \u00e0 votre lancement, simplement parce que vous leur avez envoy\u00e9 un courriel ou un message personnel sur Facebook. Appeler par t\u00e9l\u00e9phone les gens de votre r\u00e9seau peut s\u2019av\u00e9rer \u00eatre une mani\u00e8re efficace \u00e9galement.\u00a0 Vous pourriez faire le tour des librairies de la r\u00e9gion pour y installer une affiche et peut-\u00eatre laisser quelques livres en consignation. Voici une liste de librairies de notre r\u00e9gion en commen\u00e7ant par l\u2019ouest jusqu\u2019\u00e0 l\u2019est : \u2013Librairie Bouquinart : 110 rue Principale (Aylmer), Gatineau \u2013Librairie Michabou : 121 rue Principale (Aylmer), Gatineau \u2013Librairie du Soleil (Hull et Ottawa) : 53 St-Raymond (100) (Hull), Gatineau et 33 Georges street, Ottawa \u2013Librairie Archambault : 1100 Bd Maloney O, Gatineau (Centre d\u2019achat des Promenades de l\u2019Outaouais) \u2013Librairie Renaud-Bray : 1100 Bd Maloney O, Gatineau (Centre d\u2019achat des Promenades de l\u2019Outaouais), (exige de contacter la direction \u00e0 Montr\u00e9al) \u2013Librairies Louis-Fr\u00e9chette : 313 rue Notre-Dame, Gatineau\u2013Librairie Rose-Marie : 487 avenue de Buckingham, Gatineau<\/p>\n<p><\/p>\n<p><\/p>\n<p>Vous pouvez \u00e9galement placer des affichettes dans les lieux publics et commerces en n\u2019oubliant pas de demander la permission aux propri\u00e9taires. Les commerces o\u00f9 vous \u00eates familiers auront bien s\u00fbr la priorit\u00e9.<\/p>\n<p><\/p>\n<p><\/p>\n<p><strong>R\u00c9SEAUX SOCIAUX <\/strong><\/p>\n<p><\/p>\n<p><\/p>\n<p>Si vous avez un public qui vous suit sur les r\u00e9seaux sociaux, c\u2019est toujours une bonne id\u00e9e de cr\u00e9er un \u00e9v\u00e9nement Facebook pour inviter le plus de gens possible. Instagram est \u00e9galement une bonne mani\u00e8re de rejoindre votre auditoire (s\u2019il est un peu plus jeune). Vous venez de sortir un livre, peut-\u00eatre devriez-vous songer \u00e0 vous cr\u00e9er une page professionnelle Facebook pour vous mettre de l\u2019avant ?<\/p>\n<p><\/p>\n<p><\/p>\n<p><strong>M\u00c9DIAS\u00a0\u00a0<\/strong><\/p>\n<p><\/p>\n<p><\/p>\n<p>Le plus difficile est probablement de rejoindre les m\u00e9dias. Les journalistes sont souvent tr\u00e8s occup\u00e9s et recherchent des sujets tr\u00e8s sp\u00e9cifiques qui peuvent int\u00e9resser un large public. Voici quelques m\u00e9dias que vous devriez consid\u00e9rer : \u2013Le journal Le Droit : contacter Marie-Claude Lortie, la R\u00e9dactrice en chef (mclortie@ledroit.com) qui refilera le dossier au journaliste concern\u00e9 par le sujet. Les journalistes Yves Bergeras (ybergeras@ledroit.com), Mario Boulianne (boulianne@ledroit.com), Claudia Blais-Thompson (cbthompson@ledroit.com), Mathieu B\u00e9langer (mbelanger@ledroit.com) ; \u2013Journaux locaux : comme l\u2019Info de la Basse-Li\u00e8vre, ou L\u2019Envol MRC Des Collines ; \u2013Journaux hors-Outaouais : Daniel C\u00f4t\u00e9 au Saguenay (dcote@lequotidien.com), Sarah Gendreau-Simoneau (sgendreau@latribune.qc.ca) pour Sherbrooke ; \u2013Radio-Canada : pour la t\u00e9l\u00e9 : ottawagatineau@radio-canada.ca. Val\u00e9rie Lessard, anciennement au journal Le Droit est maintenant coordonnatrice multi-plateforme des affaires culturelles ; \u2013Cahiers sp\u00e9ciaux : il y a Le MAG publi\u00e9 par Le Droit une fois par mois, il faut contacter Rapha\u00eblle Plante. La plume \u00e9tudiante, publi\u00e9e trois ou quatre fois par ann\u00e9e, si vous vous int\u00e9ressez \u00e0 un public jeunesse. Il y a aussi le D Magazine publi\u00e9 par Le Devoir, mais aussi distribu\u00e9 par Le Droit ; Ne vous d\u00e9couragez pas si les m\u00e9dias ne r\u00e9pondent pas au lancement de votre livre. L\u2019attention m\u00e9diatique n\u2019est pas n\u00e9cessairement garante d\u2019un succ\u00e8s populaire.<\/p>\n<p><\/p>\n<p><\/p>\n<p>N\u2019oubliez pas qu\u2019une carri\u00e8re d\u2019auteur.e est un parcours. Peut-\u00eatre que votre prochaine publication aura plus de succ\u00e8s que la derni\u00e8re ! Surtout, n\u2019oubliez pas que si vous gagnez de nouveaux lecteur.trice.s lors de la sortie de votre projet, c\u2019est d\u00e9j\u00e0 une victoire en soi !<\/p>\n<p><\/p>\t\t\t\t\t\t\t\t<\/div>\n\t\t\t\t<\/div>\n\t\t\t\t\t<\/div>\n\t\t<\/div>\n\t\t\t\t\t<\/div>\n\t\t<\/section>\n\t\t\t\t<\/div>","protected":false},"excerpt":{"rendered":"<p>Petit guide : le lancement d\u2019un ouvrage en Outaouais (par l\u2019auteur R\u00e9my Beaulieu) Nombreux sont les membres de l\u2019Association des auteurs et [&hellip;]<\/p>\n","protected":false},"author":1,"featured_media":0,"parent":0,"menu_order":0,"comment_status":"closed","ping_status":"closed","template":"","meta":{"footnotes":""},"class_list":["post-845","page","type-page","status-publish","hentry"],"_links":{"self":[{"href":"https:\/\/www.auteures-auteurs-outaouais.org\/en\/wp-json\/wp\/v2\/pages\/845","targetHints":{"allow":["GET"]}}],"collection":[{"href":"https:\/\/www.auteures-auteurs-outaouais.org\/en\/wp-json\/wp\/v2\/pages"}],"about":[{"href":"https:\/\/www.auteures-auteurs-outaouais.org\/en\/wp-json\/wp\/v2\/types\/page"}],"author":[{"embeddable":true,"href":"https:\/\/www.auteures-auteurs-outaouais.org\/en\/wp-json\/wp\/v2\/users\/1"}],"replies":[{"embeddable":true,"href":"https:\/\/www.auteures-auteurs-outaouais.org\/en\/wp-json\/wp\/v2\/comments?post=845"}],"version-history":[{"count":7,"href":"https:\/\/www.auteures-auteurs-outaouais.org\/en\/wp-json\/wp\/v2\/pages\/845\/revisions"}],"predecessor-version":[{"id":2590,"href":"https:\/\/www.auteures-auteurs-outaouais.org\/en\/wp-json\/wp\/v2\/pages\/845\/revisions\/2590"}],"wp:attachment":[{"href":"https:\/\/www.auteures-auteurs-outaouais.org\/en\/wp-json\/wp\/v2\/media?parent=845"}],"curies":[{"name":"wp","href":"https:\/\/api.w.org\/{rel}","templated":true}]}}