{"id":576,"date":"2024-05-02T11:43:06","date_gmt":"2024-05-02T15:43:06","guid":{"rendered":"https:\/\/www.auteures-auteurs-outaouais.org\/?page_id=576"},"modified":"2026-01-23T21:23:41","modified_gmt":"2026-01-24T01:23:41","slug":"revision-correction-revision","status":"publish","type":"page","link":"https:\/\/www.auteures-auteurs-outaouais.org\/en\/revision-correction-revision\/","title":{"rendered":"R\u00e9vision\/Correction\/Traduction"},"content":{"rendered":"<div data-elementor-type=\"wp-page\" data-elementor-id=\"576\" class=\"elementor elementor-576\">\n\t\t\t\t\t\t<section class=\"elementor-section elementor-top-section elementor-element elementor-element-5d4edaaa elementor-section-boxed elementor-section-height-default elementor-section-height-default\" data-id=\"5d4edaaa\" data-element_type=\"section\" data-e-type=\"section\">\n\t\t\t\t\t\t<div class=\"elementor-container elementor-column-gap-default\">\n\t\t\t\t\t<div class=\"elementor-column elementor-col-100 elementor-top-column elementor-element elementor-element-2294f101\" data-id=\"2294f101\" data-element_type=\"column\" data-e-type=\"column\">\n\t\t\t<div class=\"elementor-widget-wrap elementor-element-populated\">\n\t\t\t\t\t\t<div class=\"elementor-element elementor-element-6853fc4a elementor-widget elementor-widget-text-editor\" data-id=\"6853fc4a\" data-element_type=\"widget\" data-e-type=\"widget\" data-widget_type=\"text-editor.default\">\n\t\t\t\t<div class=\"elementor-widget-container\">\n\t\t\t\t\t\t\t\t\t\n<p><strong>CORRECTION<\/strong><\/p>\n\n<p>Jessica Fung-L\u00e9veill\u00e9e &#8211; <strong><a href=\"mailto:jessicafleveillee@hotmail.com\">jessicafleveillee@hotmail.com<\/a><\/strong><\/p>\n\n<p>Louis Noreau &#8211; <strong><a href=\"mailto:louis.noreau@videotron.ca\">louis.noreau@videotron.ca<\/a><\/strong><\/p>\n\n<p>Louise Cadieux &#8211; <strong><a href=\"mailto:louisecadieux22@gmail.com\">louisecadieux22@gmail.com<\/a><\/strong><\/p>\n\n<p>Nadia Jennifer Ouedraogo &#8211; <strong><a href=\"mailto:jennifern@live.fr\">jennifern@live.fr<\/a><\/strong><\/p>\n\n<p>Th\u00e9r\u00e8se B\u00e9land &#8211; <strong><a href=\"mailto:mtherese.beland22@hotmail.com\">mtherese.beland22@hotmail.com<\/a><\/strong><\/p>\n\n<p>Val\u00e9rie Myriam Manseau &#8211; <strong><a href=\"mailto:vmmanseau@gmail.com\">vmmanseau@gmail.com<\/a><\/strong><\/p>\n\n<p><strong>FORMATAGE SC\u00c9NARIO <\/strong><\/p>\n\n<p>Annie Coutu &#8211; <strong><a href=\"mailto:acoutu@aishaproductions.ca\">acoutu@aishaproductions.ca<\/a><\/strong><\/p>\n\n<p><strong>MISE EN PAGE<\/strong><\/p>\n\n<p>C\u00e9cile Brousseau &#8211; <strong><a href=\"mailto:cecile.brousseau@gmail.com\">cecile.brousseau@gmail.com<\/a><\/strong><\/p>\n\n<p><strong>R\u00c9VISION<\/strong><\/p>\n\n<p>Gilbert Troutet &#8211; <strong><a href=\"mailto:gilbert.troutet@sympatico.ca\">gilbert.troutet@sympatico.ca<\/a><\/strong><\/p>\n\n<p>Jessica Fung-L\u00e9veill\u00e9e &#8211; <strong><a href=\"mailto:jessicafleveillee@hotmail.com\">jessicafleveillee@hotmail.com<\/a><\/strong><\/p>\n\n<p>Leibnitz Berthaud &#8211; <strong><a href=\"mailto:berthaudleibnitz@yahoo.ca\">berthaudleibnitz@yahoo.ca<\/a><\/strong><\/p>\n\n<p>Louise Cadieux &#8211; <strong><a href=\"mailto:louisecadieux22@gmail.com\">louisecadieux22@gmail.com<\/a><\/strong><\/p>\n\n<p>Louis Noreau &#8211; <strong><a href=\"mailto:louis.noreau@videotron.ca\">louis.noreau@videotron.ca<\/a><\/strong><\/p>\n\n<p>Nadia Jennifer Ouedraogo &#8211; <strong><a href=\"mailto:jennifern@live.fr\">jennifern@live.fr<\/a><\/strong><\/p>\n<p>Pierre Langevin &#8211;<strong> <a href=\"mailto:pierre.langevin759@gmail.com\">pierre.langevin759@gmail.com<\/a><\/strong><\/p>\n\n<p>Th\u00e9r\u00e8se B\u00e9land &#8211; <strong><a href=\"mailto:mtherese.beland22@hotmail.com\">mtherese.beland22@hotmail.com<\/a><\/strong><\/p>\n\n<p><a href=\"https:\/\/vmmanseau.com\/mes-services\/\">Val\u00e9rie Myriam Manse<\/a><a href=\"https:\/\/vmmanseau.com\/mes-services\/\" target=\"_blank\" rel=\"noreferrer noopener\">au<\/a> &#8211; <strong><a href=\"mailto:vmmanseau@gmail.com\">vmmanseau@gmail.com<\/a><\/strong><\/p>\n\n<p><strong>TRADUCTION<\/strong><\/p>\n\n<p>Aurore Allessandra &#8211; <strong><a href=\"mailto:mafane.raconte@gmail.com\">mafane.raconte@gmail.com<\/a><\/strong><\/p>\n\n<p>Linda Goize &#8211; <strong><a href=\"mailto:lindagoize3@gmail.com\">lindagoize3@gmail.com<\/a><\/strong> (anglais &#8211; espagnol &#8211; italien)<\/p>\n\n<p>Louise Cadieux &#8211; <strong><a href=\"mailto:louisecadieux22@gmail.com\">louisecadieux22@gmail.com<\/a><\/strong> (fran\u00e7ais &#8211; anglais)<\/p>\n\n<p>Louis Noreau &#8211; <strong><a href=\"mailto:louis.noreau@videotron.ca\">louis.noreau@videotron.ca<\/a><\/strong><\/p>\n\n<p>Rachid El Faiz &#8211; <strong><a href=\"mailto:rachidelfaiz@gmail.com\">rachidelfaiz@gmail.com<\/a><\/strong> (fran\u00e7ais &#8211; arabe &amp; arabe &#8211; fran\u00e7ais)<\/p>\n\t\t\t\t\t\t\t\t<\/div>\n\t\t\t\t<\/div>\n\t\t\t\t\t<\/div>\n\t\t<\/div>\n\t\t\t\t\t<\/div>\n\t\t<\/section>\n\t\t\t\t<\/div>","protected":false},"excerpt":{"rendered":"<p>CORRECTION Jessica Fung-L\u00e9veill\u00e9e &#8211; jessicafleveillee@hotmail.com Louis Noreau &#8211; louis.noreau@videotron.ca Louise Cadieux &#8211; louisecadieux22@gmail.com Nadia Jennifer Ouedraogo &#8211; jennifern@live.fr Th\u00e9r\u00e8se B\u00e9land &#8211; mtherese.beland22@hotmail.com [&hellip;]<\/p>\n","protected":false},"author":1,"featured_media":0,"parent":0,"menu_order":0,"comment_status":"closed","ping_status":"closed","template":"","meta":{"footnotes":""},"class_list":["post-576","page","type-page","status-publish","hentry"],"_links":{"self":[{"href":"https:\/\/www.auteures-auteurs-outaouais.org\/en\/wp-json\/wp\/v2\/pages\/576","targetHints":{"allow":["GET"]}}],"collection":[{"href":"https:\/\/www.auteures-auteurs-outaouais.org\/en\/wp-json\/wp\/v2\/pages"}],"about":[{"href":"https:\/\/www.auteures-auteurs-outaouais.org\/en\/wp-json\/wp\/v2\/types\/page"}],"author":[{"embeddable":true,"href":"https:\/\/www.auteures-auteurs-outaouais.org\/en\/wp-json\/wp\/v2\/users\/1"}],"replies":[{"embeddable":true,"href":"https:\/\/www.auteures-auteurs-outaouais.org\/en\/wp-json\/wp\/v2\/comments?post=576"}],"version-history":[{"count":35,"href":"https:\/\/www.auteures-auteurs-outaouais.org\/en\/wp-json\/wp\/v2\/pages\/576\/revisions"}],"predecessor-version":[{"id":4007,"href":"https:\/\/www.auteures-auteurs-outaouais.org\/en\/wp-json\/wp\/v2\/pages\/576\/revisions\/4007"}],"wp:attachment":[{"href":"https:\/\/www.auteures-auteurs-outaouais.org\/en\/wp-json\/wp\/v2\/media?parent=576"}],"curies":[{"name":"wp","href":"https:\/\/api.w.org\/{rel}","templated":true}]}}