{"id":569,"date":"2024-05-02T11:41:45","date_gmt":"2024-05-02T15:41:45","guid":{"rendered":"https:\/\/www.auteures-auteurs-outaouais.org\/?page_id=569"},"modified":"2024-09-23T14:57:48","modified_gmt":"2024-09-23T18:57:48","slug":"conception-graphique-illustration","status":"publish","type":"page","link":"https:\/\/www.auteures-auteurs-outaouais.org\/en\/conception-graphique-illustration\/","title":{"rendered":"CONCEPTION GRAPHIQUE \/ILLUSTRATION"},"content":{"rendered":"<div data-elementor-type=\"wp-page\" data-elementor-id=\"569\" class=\"elementor elementor-569\">\n\t\t\t\t\t\t<section class=\"elementor-section elementor-top-section elementor-element elementor-element-2f264f08 elementor-section-boxed elementor-section-height-default elementor-section-height-default\" data-id=\"2f264f08\" data-element_type=\"section\" data-e-type=\"section\">\n\t\t\t\t\t\t<div class=\"elementor-container elementor-column-gap-default\">\n\t\t\t\t\t<div class=\"elementor-column elementor-col-100 elementor-top-column elementor-element elementor-element-2f011ae9\" data-id=\"2f011ae9\" data-element_type=\"column\" data-e-type=\"column\">\n\t\t\t<div class=\"elementor-widget-wrap elementor-element-populated\">\n\t\t\t\t\t\t<div class=\"elementor-element elementor-element-3112bd77 elementor-widget elementor-widget-text-editor\" data-id=\"3112bd77\" data-element_type=\"widget\" data-e-type=\"widget\" data-widget_type=\"text-editor.default\">\n\t\t\t\t<div class=\"elementor-widget-container\">\n\t\t\t\t\t\t\t\t\t\n<p>\u201c<em>Il ne faut pas juger un livre par sa couverture<\/em>\u201d dit l\u2019adage, mais il est n\u00e9anmoins important de r\u00e9fl\u00e9chir \u00e0 la pr\u00e9sentation visuelle de notre oeuvre litt\u00e9raire. Voici une liste d\u2019artistes visuels, dessinateurs, designer graphiques qui pourraient vous aider dans la cr\u00e9ation de votre couverture, \u00e9l\u00e9ments promotionnels, etc.\u00a0\u00a0<\/p>\n<p><strong>DESIGN GRAPHIQUE<\/strong><\/p>\n\n<p>Marie-Jeanne Chaplain-Corriveau &#8211; majea_chaco@hotmail.com<\/p>\n\n<p>Maryl\u00e8ne Tremblay &#8211; wingedhorse26@gmail.com<\/p>\n\n<p><strong>ILLUSTRATION <\/strong><\/p>\n\n<p>Gilbert Troutet &#8211; gilbert.troutet@sympatico.ca<\/p>\n\n<p>Maryl\u00e8ne Tremblay &#8211; wingedhorse26@gmail.com<\/p>\n\n<p><strong>LIVRE AUDIO <\/strong><\/p>\n\n<p>Aisha Cloutier &#8211; aishacloutier@gmail.com<\/p>\n\t\t\t\t\t\t\t\t<\/div>\n\t\t\t\t<\/div>\n\t\t\t\t\t<\/div>\n\t\t<\/div>\n\t\t\t\t\t<\/div>\n\t\t<\/section>\n\t\t\t\t<\/div>","protected":false},"excerpt":{"rendered":"<p>\u201cIl ne faut pas juger un livre par sa couverture\u201d dit l\u2019adage, mais il est n\u00e9anmoins important de r\u00e9fl\u00e9chir \u00e0 la pr\u00e9sentation [&hellip;]<\/p>\n","protected":false},"author":1,"featured_media":0,"parent":0,"menu_order":0,"comment_status":"closed","ping_status":"closed","template":"","meta":{"footnotes":""},"class_list":["post-569","page","type-page","status-publish","hentry"],"_links":{"self":[{"href":"https:\/\/www.auteures-auteurs-outaouais.org\/en\/wp-json\/wp\/v2\/pages\/569","targetHints":{"allow":["GET"]}}],"collection":[{"href":"https:\/\/www.auteures-auteurs-outaouais.org\/en\/wp-json\/wp\/v2\/pages"}],"about":[{"href":"https:\/\/www.auteures-auteurs-outaouais.org\/en\/wp-json\/wp\/v2\/types\/page"}],"author":[{"embeddable":true,"href":"https:\/\/www.auteures-auteurs-outaouais.org\/en\/wp-json\/wp\/v2\/users\/1"}],"replies":[{"embeddable":true,"href":"https:\/\/www.auteures-auteurs-outaouais.org\/en\/wp-json\/wp\/v2\/comments?post=569"}],"version-history":[{"count":8,"href":"https:\/\/www.auteures-auteurs-outaouais.org\/en\/wp-json\/wp\/v2\/pages\/569\/revisions"}],"predecessor-version":[{"id":2541,"href":"https:\/\/www.auteures-auteurs-outaouais.org\/en\/wp-json\/wp\/v2\/pages\/569\/revisions\/2541"}],"wp:attachment":[{"href":"https:\/\/www.auteures-auteurs-outaouais.org\/en\/wp-json\/wp\/v2\/media?parent=569"}],"curies":[{"name":"wp","href":"https:\/\/api.w.org\/{rel}","templated":true}]}}