{"id":566,"date":"2024-05-02T11:41:45","date_gmt":"2024-05-02T15:41:45","guid":{"rendered":"https:\/\/www.auteures-auteurs-outaouais.org\/?page_id=566"},"modified":"2024-09-24T15:05:59","modified_gmt":"2024-09-24T19:05:59","slug":"maisons-dedtion","status":"publish","type":"page","link":"https:\/\/www.auteures-auteurs-outaouais.org\/en\/maisons-dedtion\/","title":{"rendered":"MAISONS D&rsquo;EDTION"},"content":{"rendered":"<div data-elementor-type=\"wp-page\" data-elementor-id=\"566\" class=\"elementor elementor-566\">\n\t\t\t\t\t\t<section class=\"elementor-section elementor-top-section elementor-element elementor-element-37ed2535 elementor-section-boxed elementor-section-height-default elementor-section-height-default\" data-id=\"37ed2535\" data-element_type=\"section\" data-e-type=\"section\">\n\t\t\t\t\t\t<div class=\"elementor-container elementor-column-gap-default\">\n\t\t\t\t\t<div class=\"elementor-column elementor-col-100 elementor-top-column elementor-element elementor-element-5cb4b5e4\" data-id=\"5cb4b5e4\" data-element_type=\"column\" data-e-type=\"column\">\n\t\t\t<div class=\"elementor-widget-wrap elementor-element-populated\">\n\t\t\t\t\t\t<div class=\"elementor-element elementor-element-34a23a1e elementor-widget elementor-widget-text-editor\" data-id=\"34a23a1e\" data-element_type=\"widget\" data-e-type=\"widget\" data-widget_type=\"text-editor.default\">\n\t\t\t\t<div class=\"elementor-widget-container\">\n\t\t\t\t\t\t\t\t\t<p><\/p>\n<h1>MAISONS D&rsquo;\u00c9DITION<\/h1>\n<p>Consultez la liste qu\u00e9b\u00e9coise des <em><strong><a href=\"https:\/\/www.auteures-auteurs-outaouais.org\/wp-content\/uploads\/2024\/09\/maisons-dedition-2023-2024.pdf\">maisons d&rsquo;\u00e9dition 2023-2024.<\/a><\/strong><\/em><\/p>\n<h1><span style=\"text-decoration: underline;\"><strong>Maisons d&rsquo;\u00e9dition de l&rsquo;Outaouais<\/strong><\/span><\/h1>\n<p><\/p>\n<p><em><strong><a href=\"https:\/\/edcamael.com\/\">Les \u00c9ditions Camael<\/a><\/strong><\/em><\/p>\n<p><em><strong><a href=\"https:\/\/editionsexit.com\/\">Les \u00c9ditions Exit<\/a><\/strong><\/em><\/p>\n<p><em><strong><a href=\"https:\/\/editionsmondesimaginaires.com\/\">\u00c9ditions Mondes Imaginaires<\/a><\/strong><\/em><\/p>\n<p><em><strong><a href=\"https:\/\/lempreintedupassant.com\/\">L&rsquo;Empreinte du passant<\/a><\/strong><\/em><\/p>\n<p><em><a href=\"https:\/\/lanoteverte.ca\/\"><strong>La Note Verte<\/strong><\/a><\/em><\/p>\n<p><\/p>\n<h1><span style=\"text-decoration: underline;\"><strong>Maisons d&rsquo;\u00e9dition ailleurs au Qu\u00e9bec<\/strong><\/span><\/h1>\n<p><\/p>\n<p><strong><em><a href=\"https:\/\/www.alire.com\/\">Alire\u00a0<\/a><\/em><\/strong><\/p>\n<p><em><a href=\"https:\/\/www.apediteur.com\/\"><strong>Annika Parance \u00c9diteur<\/strong><\/a><\/em><\/p>\n<p><em><strong><a href=\"https:\/\/www.barakabooks.com\/\">Baraka Books<\/a><\/strong><\/em><\/p>\n<p><em><strong><a href=\"https:\/\/editionsalto.com\/\">\u00c9ditions Alto<\/a><\/strong><\/em><\/p>\n<p><em><strong><a href=\"https:\/\/editionshashtag.com\/\">\u00c9ditions Hashtag<\/a><\/strong><\/em><\/p>\n<p><strong><a href=\"https:\/\/www.editionsboreal.qc.ca\/\"><i>Les \u00e9ditions du Bor\u00e9al<\/i><\/a><\/strong><\/p>\n<p><a href=\"http:\/\/www.livres-bq.com\/\"><strong><em>Livres BQ<\/em><\/strong><\/a><\/p>\n<h3>JEUNESSE<\/h3>\n<p><em><strong><a href=\"https:\/\/www.editions400coups.com\/\">Les 400 coups<\/a><\/strong><\/em><\/p>\n<p><strong><a href=\"https:\/\/andara.ca\/\"><em>Andara<\/em><\/a><\/strong><\/p>\n<p><strong><em><a href=\"https:\/\/www.bayardlivres.ca\/\">Bayard Canada<\/a><\/em><\/strong><\/p>\n<p><em><strong><a href=\"https:\/\/editionsalaska.com\/?fbclid=IwY2xjawFf6XtleHRuA2FlbQIxMAABHS-7Gg_dE0Bs6Vojnl_RKI-7f1TWZwKMSAyaV8aHkoOXqk2IZWPNpel31g_aem_o5bL0kbWsIS455CvnnUpWA\">Les \u00c9ditions Alaska<\/a><\/strong>\u00a0<\/em><\/p>\n<p><strong><a href=\"https:\/\/boutondoracadie.com\/\"><em>\u00c9ditions Bouton d&rsquo;or Acadie<\/em><\/a><\/strong><\/p>\n<p><em><strong><a href=\"https:\/\/editionslabagnole.groupelivre.com\/\">\u00c9ditions La Bagnole<\/a><\/strong><\/em>\u00a0<\/p>\n<p><em>\u00a0<\/em><\/p>\n<p><\/p>\t\t\t\t\t\t\t\t<\/div>\n\t\t\t\t<\/div>\n\t\t\t\t\t<\/div>\n\t\t<\/div>\n\t\t\t\t\t<\/div>\n\t\t<\/section>\n\t\t\t\t<\/div>","protected":false},"excerpt":{"rendered":"<p>MAISONS D&rsquo;\u00c9DITION Consultez la liste qu\u00e9b\u00e9coise des maisons d&rsquo;\u00e9dition 2023-2024. Maisons d&rsquo;\u00e9dition de l&rsquo;Outaouais Les \u00c9ditions Camael Les \u00c9ditions Exit \u00c9ditions Mondes [&hellip;]<\/p>\n","protected":false},"author":1,"featured_media":0,"parent":0,"menu_order":0,"comment_status":"closed","ping_status":"closed","template":"","meta":{"footnotes":""},"class_list":["post-566","page","type-page","status-publish","hentry"],"_links":{"self":[{"href":"https:\/\/www.auteures-auteurs-outaouais.org\/en\/wp-json\/wp\/v2\/pages\/566","targetHints":{"allow":["GET"]}}],"collection":[{"href":"https:\/\/www.auteures-auteurs-outaouais.org\/en\/wp-json\/wp\/v2\/pages"}],"about":[{"href":"https:\/\/www.auteures-auteurs-outaouais.org\/en\/wp-json\/wp\/v2\/types\/page"}],"author":[{"embeddable":true,"href":"https:\/\/www.auteures-auteurs-outaouais.org\/en\/wp-json\/wp\/v2\/users\/1"}],"replies":[{"embeddable":true,"href":"https:\/\/www.auteures-auteurs-outaouais.org\/en\/wp-json\/wp\/v2\/comments?post=566"}],"version-history":[{"count":41,"href":"https:\/\/www.auteures-auteurs-outaouais.org\/en\/wp-json\/wp\/v2\/pages\/566\/revisions"}],"predecessor-version":[{"id":2697,"href":"https:\/\/www.auteures-auteurs-outaouais.org\/en\/wp-json\/wp\/v2\/pages\/566\/revisions\/2697"}],"wp:attachment":[{"href":"https:\/\/www.auteures-auteurs-outaouais.org\/en\/wp-json\/wp\/v2\/media?parent=566"}],"curies":[{"name":"wp","href":"https:\/\/api.w.org\/{rel}","templated":true}]}}