{"id":558,"date":"2024-05-02T11:34:01","date_gmt":"2024-05-02T15:34:01","guid":{"rendered":"https:\/\/www.auteures-auteurs-outaouais.org\/?page_id=558"},"modified":"2026-03-05T14:01:20","modified_gmt":"2026-03-05T18:01:20","slug":"activites","status":"publish","type":"page","link":"https:\/\/www.auteures-auteurs-outaouais.org\/en\/activites\/","title":{"rendered":"Activit\u00e9s"},"content":{"rendered":"<div data-elementor-type=\"wp-page\" data-elementor-id=\"558\" class=\"elementor elementor-558\">\n\t\t\t\t\t\t<section class=\"elementor-section elementor-top-section elementor-element elementor-element-1d91a1d elementor-section-boxed elementor-section-height-default elementor-section-height-default\" data-id=\"1d91a1d\" data-element_type=\"section\" data-e-type=\"section\">\n\t\t\t\t\t\t<div class=\"elementor-container elementor-column-gap-default\">\n\t\t\t\t\t<div class=\"elementor-column elementor-col-100 elementor-top-column elementor-element elementor-element-62803cac\" data-id=\"62803cac\" data-element_type=\"column\" data-e-type=\"column\">\n\t\t\t<div class=\"elementor-widget-wrap elementor-element-populated\">\n\t\t\t\t\t\t<div class=\"elementor-element elementor-element-1cb9ed30 elementor-widget elementor-widget-text-editor\" data-id=\"1cb9ed30\" data-element_type=\"widget\" data-e-type=\"widget\" data-widget_type=\"text-editor.default\">\n\t\t\t\t<div class=\"elementor-widget-container\">\n\t\t\t\t\t\t\t\t\t<h1>JOURN\u00c9ES D&rsquo;\u00c9CRITURE DE L&rsquo;AAAO\u00a0<\/h1><p><img fetchpriority=\"high\" decoding=\"async\" class=\"alignnone wp-image-3976 size-full\" src=\"https:\/\/www.auteures-auteurs-outaouais.org\/wp-content\/uploads\/2026\/01\/Saison-2026-2.jpg\" alt=\"\" width=\"940\" height=\"788\" srcset=\"https:\/\/www.auteures-auteurs-outaouais.org\/wp-content\/uploads\/2026\/01\/Saison-2026-2.jpg 940w, https:\/\/www.auteures-auteurs-outaouais.org\/wp-content\/uploads\/2026\/01\/Saison-2026-2-300x251.jpg 300w, https:\/\/www.auteures-auteurs-outaouais.org\/wp-content\/uploads\/2026\/01\/Saison-2026-2-768x644.jpg 768w, https:\/\/www.auteures-auteurs-outaouais.org\/wp-content\/uploads\/2026\/01\/Saison-2026-2-14x12.jpg 14w, https:\/\/www.auteures-auteurs-outaouais.org\/wp-content\/uploads\/2026\/01\/Saison-2026-2-230x193.jpg 230w, https:\/\/www.auteures-auteurs-outaouais.org\/wp-content\/uploads\/2026\/01\/Saison-2026-2-350x293.jpg 350w, https:\/\/www.auteures-auteurs-outaouais.org\/wp-content\/uploads\/2026\/01\/Saison-2026-2-480x402.jpg 480w, https:\/\/www.auteures-auteurs-outaouais.org\/wp-content\/uploads\/2026\/01\/Saison-2026-2-800x671.jpg 800w\" sizes=\"(max-width: 940px) 100vw, 940px\" \/><\/p><p>L&rsquo;AAAO organise des journ\u00e9es d&rsquo;\u00e9criture destin\u00e9es aux membres et non membres. Le but est d&rsquo;\u00e9changer et d&rsquo;apprendre diff\u00e9rentes facettes de la cr\u00e9ation litt\u00e9raire dans une atmosph\u00e8re d\u00e9tendue et conviviale.\u00a0\u00a0<\/p><p>Les \u00e9v\u00e9nements ont lieu \u00e0 la <em>Maison Scott-Fairview<\/em> (100, rue Gamelin, Gatineau, Qc) ou au local de l&rsquo;AAAO (195, boulevard Saint-Joseph, Gatineau, Qc). L&rsquo;entr\u00e9e est gratuite, mais des donations sont encourag\u00e9es sur place.\u00a0<\/p><p>Voici les date \u00e0 venir :\u00a0<\/p><div class=\"v1elementToProof\">Local de l&rsquo;AAAO &#8211; 15 mars 2026 Un lancement en ligne une nouvelle tendance<\/div><div class=\"v1elementToProof\">5 avril 2026 &#8211; nous faisons rel\u00e2che Joyeuses P\u00e2ques\u00a0<\/div><div class=\"v1elementToProof\">Maison Scott-Fairview &#8211; 19 avril 2026 \u00c9change sur vos \u00e9crits (pratique)<\/div><div class=\"v1elementToProof\">3 mai 2026 Comment \u00e9crire un essai<\/div><div class=\"v1elementToProof\">17 Mai 2026 \u00c9crire un slamer pour le plaisir (pratique)<\/div><div class=\"v1elementToProof\">7 Juin 2026 L&rsquo;importance du refrain en chanson<\/div><div class=\"v1elementToProof\">21 Juin 2026 Repas partage &#8211; Le livre que je te conseille de lire cet \u00e9t\u00e9<\/div><div>\u00a0<\/div><p>Veuillez prendre note que tout changement sera annonc\u00e9 sur la page Facebook et Instagram de l\u2019Association des auteurs et auteures de l\u2019Outaouais ainsi que par courriel aux habitu\u00e9s.<\/p><h2 class=\"x11i5rnm xat24cr x1mh8g0r x1vvkbs xtlvy1s\">LES <em>CAF\u00c9-RENCONTRES<\/em>\u00a0DE L&rsquo;AAAO\u00a0<\/h2><p><strong><em>Caf\u00e9-rencontre de l\u2019AAAO<\/em><\/strong><\/p><p>Les caf\u00e9-rencontres\u00a0ont lieu chaque deuxi\u00e8me dimanche du mois. Pour toute question ou tout commentaires, n\u2019h\u00e9sitez pas \u00e0 contacter Serge Cham \u00e0 l&rsquo;adresse suivante : <a href=\"mailto:fideliteasoi@hotmail.com\">fideliteasoi@hotmail.com<\/a>.<\/p><p>\u00a0<\/p><p class=\"v1MsoNormal\">Dans le cadre de la Journ\u00e9e internationale des droits des femmes (8 mars) nous organisons l&rsquo;\u00e9v\u00e9nement \u00ab 8 Femmes, 8 Slams, 8 mars \u00bb.<\/p><p class=\"v1MsoNormal\">Huit voix puissantes et inspirantes de la r\u00e9gion se relaieront pour offrir deux repr\u00e9sentations gratuites \u00e0 Gatineau :<\/p><ul type=\"disc\"><li class=\"v1MsoNormal\">14 h : Caf\u00e9-rencontre de l&rsquo;AAAO \u2013 Biblioth\u00e8que de la Maison du Citoyen (25, rue Laurier, 2e \u00e9tage).<\/li><li class=\"v1MsoNormal\">19 h : Espace Dep Sylvestre (230, rue Montcalm). La performance sera suivie d&rsquo;un micro-ouvert (inscriptions sur place).<\/li><\/ul><p><!-- \/wp:paragraph --><\/p>\t\t\t\t\t\t\t\t<\/div>\n\t\t\t\t<\/div>\n\t\t\t\t<div class=\"elementor-element elementor-element-16e2b6a elementor-widget elementor-widget-image\" data-id=\"16e2b6a\" data-element_type=\"widget\" data-e-type=\"widget\" data-widget_type=\"image.default\">\n\t\t\t\t<div class=\"elementor-widget-container\">\n\t\t\t\t\t\t\t\t\t\t\t\t\t\t\t<img decoding=\"async\" width=\"240\" height=\"300\" src=\"https:\/\/www.auteures-auteurs-outaouais.org\/wp-content\/uploads\/2026\/03\/Cafe-rencontre-240x300.jpg\" class=\"attachment-medium size-medium wp-image-4258\" alt=\"\" srcset=\"https:\/\/www.auteures-auteurs-outaouais.org\/wp-content\/uploads\/2026\/03\/Cafe-rencontre-240x300.jpg 240w, https:\/\/www.auteures-auteurs-outaouais.org\/wp-content\/uploads\/2026\/03\/Cafe-rencontre-819x1024.jpg 819w, https:\/\/www.auteures-auteurs-outaouais.org\/wp-content\/uploads\/2026\/03\/Cafe-rencontre-768x960.jpg 768w, https:\/\/www.auteures-auteurs-outaouais.org\/wp-content\/uploads\/2026\/03\/Cafe-rencontre-10x12.jpg 10w, https:\/\/www.auteures-auteurs-outaouais.org\/wp-content\/uploads\/2026\/03\/Cafe-rencontre-1000x1250.jpg 1000w, https:\/\/www.auteures-auteurs-outaouais.org\/wp-content\/uploads\/2026\/03\/Cafe-rencontre-230x288.jpg 230w, https:\/\/www.auteures-auteurs-outaouais.org\/wp-content\/uploads\/2026\/03\/Cafe-rencontre-350x438.jpg 350w, https:\/\/www.auteures-auteurs-outaouais.org\/wp-content\/uploads\/2026\/03\/Cafe-rencontre-480x600.jpg 480w, https:\/\/www.auteures-auteurs-outaouais.org\/wp-content\/uploads\/2026\/03\/Cafe-rencontre-800x1000.jpg 800w, https:\/\/www.auteures-auteurs-outaouais.org\/wp-content\/uploads\/2026\/03\/Cafe-rencontre.jpg 1080w\" sizes=\"(max-width: 240px) 100vw, 240px\" \/>\t\t\t\t\t\t\t\t\t\t\t\t\t\t\t<\/div>\n\t\t\t\t<\/div>\n\t\t\t\t\t<\/div>\n\t\t<\/div>\n\t\t\t\t\t<\/div>\n\t\t<\/section>\n\t\t\t\t<\/div>","protected":false},"excerpt":{"rendered":"<p>JOURN\u00c9ES D&rsquo;\u00c9CRITURE DE L&rsquo;AAAO\u00a0 L&rsquo;AAAO organise des journ\u00e9es d&rsquo;\u00e9criture destin\u00e9es aux membres et non membres. Le but est d&rsquo;\u00e9changer et d&rsquo;apprendre diff\u00e9rentes [&hellip;]<\/p>\n","protected":false},"author":1,"featured_media":0,"parent":0,"menu_order":0,"comment_status":"closed","ping_status":"closed","template":"","meta":{"footnotes":""},"class_list":["post-558","page","type-page","status-publish","hentry"],"_links":{"self":[{"href":"https:\/\/www.auteures-auteurs-outaouais.org\/en\/wp-json\/wp\/v2\/pages\/558","targetHints":{"allow":["GET"]}}],"collection":[{"href":"https:\/\/www.auteures-auteurs-outaouais.org\/en\/wp-json\/wp\/v2\/pages"}],"about":[{"href":"https:\/\/www.auteures-auteurs-outaouais.org\/en\/wp-json\/wp\/v2\/types\/page"}],"author":[{"embeddable":true,"href":"https:\/\/www.auteures-auteurs-outaouais.org\/en\/wp-json\/wp\/v2\/users\/1"}],"replies":[{"embeddable":true,"href":"https:\/\/www.auteures-auteurs-outaouais.org\/en\/wp-json\/wp\/v2\/comments?post=558"}],"version-history":[{"count":559,"href":"https:\/\/www.auteures-auteurs-outaouais.org\/en\/wp-json\/wp\/v2\/pages\/558\/revisions"}],"predecessor-version":[{"id":4262,"href":"https:\/\/www.auteures-auteurs-outaouais.org\/en\/wp-json\/wp\/v2\/pages\/558\/revisions\/4262"}],"wp:attachment":[{"href":"https:\/\/www.auteures-auteurs-outaouais.org\/en\/wp-json\/wp\/v2\/media?parent=558"}],"curies":[{"name":"wp","href":"https:\/\/api.w.org\/{rel}","templated":true}]}}