{"id":547,"date":"2024-05-02T11:29:18","date_gmt":"2024-05-02T15:29:18","guid":{"rendered":"https:\/\/www.auteures-auteurs-outaouais.org\/?page_id=547"},"modified":"2024-09-25T14:25:21","modified_gmt":"2024-09-25T18:25:21","slug":"conseil-dadministration","status":"publish","type":"page","link":"https:\/\/www.auteures-auteurs-outaouais.org\/en\/conseil-dadministration\/","title":{"rendered":"Conseil d&rsquo;administration"},"content":{"rendered":"<div data-elementor-type=\"wp-page\" data-elementor-id=\"547\" class=\"elementor elementor-547\">\n\t\t\t\t\t\t<section class=\"elementor-section elementor-top-section elementor-element elementor-element-6483dfd elementor-section-boxed elementor-section-height-default elementor-section-height-default\" data-id=\"6483dfd\" data-element_type=\"section\" data-e-type=\"section\">\n\t\t\t\t\t\t<div class=\"elementor-container elementor-column-gap-default\">\n\t\t\t\t\t<div class=\"elementor-column elementor-col-100 elementor-top-column elementor-element elementor-element-e82f8e7\" data-id=\"e82f8e7\" data-element_type=\"column\" data-e-type=\"column\">\n\t\t\t<div class=\"elementor-widget-wrap elementor-element-populated\">\n\t\t\t\t\t\t<div class=\"elementor-element elementor-element-5d0200b7 elementor-widget elementor-widget-text-editor\" data-id=\"5d0200b7\" data-element_type=\"widget\" data-e-type=\"widget\" data-widget_type=\"text-editor.default\">\n\t\t\t\t<div class=\"elementor-widget-container\">\n\t\t\t\t\t\t\t\t\t<p><\/p>\n<h1>CONSEIL D&rsquo;ADMINISTRATION<\/h1>\n<p><\/p>\n<p><\/p>\n<p>\u00a02023-2024<\/p>\n<p><img fetchpriority=\"high\" decoding=\"async\" src=\"https:\/\/www.auteures-auteurs-outaouais.org\/wp-content\/uploads\/2024\/07\/CA_2024-1024x626.jpg\" alt=\"\" width=\"1024\" height=\"626\" \/><\/p>\n<p><\/p>\n<p><\/p>\n<h6>* De gauche \u00e0 droite : Guy B\u00e9lizaire, Val\u00e9rie-Myriam Manseau, Annie St-Jean, Ghislain Larocque, Gilles Pohu, Th\u00e9r\u00e8se B\u00e9land et Louis Noreau<\/h6>\n<p>\u00a0<\/p>\n<p><strong>Marie-Th\u00e9r\u00e8se B\u00e9land &#8211; Pr\u00e9sidente<\/strong><\/p>\n<p><strong> <img decoding=\"async\" src=\"https:\/\/www.auteures-auteurs-outaouais.org\/wp-content\/uploads\/2024\/05\/MTbelandphoto-2-300x300.jpg\" alt=\"\" width=\"177\" height=\"177\" \/><\/strong><\/p>\n<p><\/p>\n<p><\/p>\n<figure class=\"wp-block-gallery-2 is-layout-flex wp-block-gallery-is-layout-flex\"><\/figure>\n<p><\/p>\n<p><\/p>\n<p>Originaire de la Mauricie, Marie-Th\u00e9r\u00e8se B\u00c9LAND a aussi v\u00e9cuen Abitibi avant de s\u2019installer dans l\u2019Outaouais. Des \u00e9tudes en litt\u00e9ratureont pr\u00e9c\u00e9d\u00e9 une carri\u00e8re dans l\u2019enseignement du fran\u00e7ais et elle s\u2019estensuite orient\u00e9e vers les ressources humaines. Elle est membre depuis 2012 et elle a publi\u00e9 deux romans.\u00a0<\/p>\n<p><\/p>\n<p><\/p>\n<p><strong>Guy B\u00e9lizaire &#8211; Vice-pr\u00e9sident<\/strong><\/p>\n<p><img decoding=\"async\" src=\"https:\/\/www.auteures-auteurs-outaouais.org\/wp-content\/uploads\/2024\/05\/Guy-Belizaire-244x300.png\" alt=\"\" width=\"174\" height=\"214\" \/><\/p>\n<p><\/p>\n<p><\/p>\n<p>Originaire d\u2019Ha\u00efti, Guy B\u00e9lizaire r\u00e9side dans la r\u00e9gion de l\u2019Outaouais. Il est d\u00e9tenteur d\u2019une ma\u00eetrise en administration publique (\u00c9NAP), d\u2019un baccalaur\u00e9at en relations industrielles et d\u2019un baccalaur\u00e9at en sciences \u00e9conomiques (universit\u00e9 de Montr\u00e9al). Apr\u00e8s une carri\u00e8re \u00e0 la fonction publique f\u00e9d\u00e9rale, il se consacre \u00e0 la litt\u00e9rature, sa passion de toujours. En 2018, il a publi\u00e9 aux \u00e9ditions L\u2019Interligne un recueil de nouvelles, \u00c0 l\u2019ombre des \u00e9rables et des palmiers qui fut finaliste au prix litt\u00e9raire des enseignant.e.s de fran\u00e7ais. En 2019, toujours aux \u00e9ditions L\u2019Interligne, il a publi\u00e9 un roman, Rue r\u00eaves bris\u00e9s, finaliste au prix litt\u00e9raire \u00c9mergence de l\u2019Association des auteures et auteurs de l\u2019Ontario fran\u00e7ais.\u00a0<\/p>\n<p><\/p>\n<p><\/p>\n<p><strong>Louis Noreau &#8211; Tr\u00e9sorier<\/strong><\/p>\n<p><img loading=\"lazy\" decoding=\"async\" src=\"https:\/\/www.auteures-auteurs-outaouais.org\/wp-content\/uploads\/2024\/05\/Louis-Noreau2-202x300.jpg\" alt=\"\" width=\"169\" height=\"251\" \/><\/p>\n<p><\/p>\n<p><\/p>\n<p>Louis Noreau se pla\u00eet \u00e0 dire qu\u2019il louvoie entre les arts et les sciences. Apr\u00e8s avoir d\u00e9croch\u00e9 un doctorat en astrophysique, Louis Noreau a travaill\u00e9 pendant environ dix ans dans le milieu scientifique avant de r\u00e9orienter sa carri\u00e8re vers la traduction qu\u2019il a pratiqu\u00e9e pendant plus de vingt ans au sein du gouvernement f\u00e9d\u00e9ral. En plus de ses dipl\u00f4mes \u00e8s sciences, il d\u00e9tient aussi une ma\u00eetrise en gestion de projets. Pendant plus de dix ans, Louis Noreau a coanim\u00e9 avec Lise Careau les Lundis de la po\u00e9sie et, pendant trois autres ann\u00e9es, a \u00e9t\u00e9 arbitre pour Slam Outaouais. Dans les ann\u00e9es 2000 et 2010, il a effectu\u00e9 deux mandats comme membre du Conseil d\u2019administration de l\u2019AAAO. Il a publi\u00e9 des nouvelles et des po\u00e8mes dans des recueils, il a donn\u00e9 de nombreuses lectures publiques de ses po\u00e8mes et il a dirig\u00e9 un recueil de textes dans un num\u00e9ro sp\u00e9cial des Mots Passants \u00e0 l\u2019occasion du 25e anniversaire de l\u2019Association. Il a aussi particip\u00e9 \u00e0 de nombreux groupes et ateliers d\u2019\u00e9criture. Finalement \u00e0 la retraite, il s\u2019est remis \u00e0 l\u2019\u00e9criture d\u2019un roman biographique sur un peintre gasp\u00e9sien. Il pr\u00e9pare aussi un recueil de po\u00e8mes et un autre de nouvelles.\u00a0<\/p>\n<p style=\"font-variant-ligatures: normal; font-variant-caps: normal; font-family: Montserrat; font-size: 16px; font-style: normal;\"><span style=\"font-weight: 400; font-variant-ligatures: normal; font-variant-caps: normal; font-family: Montserrat; font-size: 16px; font-style: normal;\"><span style=\"font-size: 16px; font-weight: bold;\">Val\u00e9rie Myriam Manseau<\/span><\/span><span style=\"font-weight: 400; font-variant-ligatures: normal; font-variant-caps: normal; font-family: Montserrat; font-size: 16px; font-style: normal;\">\u00a0&#8211; <\/span><span style=\"font-variant-ligatures: normal; font-variant-caps: normal; font-family: Montserrat; font-size: 16px; font-style: normal;\"><b>Secr\u00e9taire<\/b><\/span><\/p>\n<p style=\"font-variant-ligatures: normal; font-variant-caps: normal; font-family: Montserrat; font-size: 16px; font-style: normal; font-weight: 400;\"><span style=\"font-variant-ligatures: normal; font-variant-caps: normal; font-family: Montserrat; font-size: 16px; font-style: normal; font-weight: 600;\"><img loading=\"lazy\" decoding=\"async\" style=\"font-size: 16px;\" src=\"https:\/\/www.auteures-auteurs-outaouais.org\/wp-content\/uploads\/2024\/06\/ValerieMyriamManseau_red-225x300.jpg\" alt=\"\" width=\"225\" height=\"300\" \/><\/span><\/p>\n<p style=\"margin-bottom: 8pt; font-variant-ligatures: normal; font-variant-caps: normal; line-height: 16.8px; font-family: Montserrat; font-size: 16px; font-style: normal; font-weight: 400;\">Val\u00e9rie Myriam Manseau est une r\u00e9viseure agr\u00e9\u00e9e, une auteure auto\u00e9dit\u00e9e et une Gatinoise assum\u00e9e. D\u00e9tentrice d\u2019un baccalaur\u00e9at en traduction et en r\u00e9daction de l\u2019Universit\u00e9 du Qu\u00e9bec en Outaouais, elle cumule plus de 17 ans d\u2019exp\u00e9rience en r\u00e9vision linguistique. Elle \u00e9crit depuis presque aussi longtemps, m\u00eame si elle n\u2019a publi\u00e9 son premier roman qu\u2019en 2023. Ambitieuse, elle canalise son \u00e9nergie d\u00e9bordante dans un millier de d\u00e9fis plus stimulants les uns que les autres, \u00e0 commencer par l\u2019auto\u00e9dition et le travail autonome.<\/p>\n<p style=\"margin-bottom: 8pt; font-variant-ligatures: normal; font-variant-caps: normal; line-height: 16.8px; font-family: Montserrat; font-size: 16px; font-style: normal; font-weight: 400;\">La lecture et l\u2019\u00e9criture prennent une place importante dans sa vie, et elle aspire \u00e0 transmettre ses nombreuses passions au plus de personnes possible. Comme elle ne sait pas tenir en place, elle a lev\u00e9 la main durant une assembl\u00e9e, et on lui a annonc\u00e9 qu\u2019elle venait de devenir administratrice pour le conseil d\u2019administration de l\u2019AAAO\u2026 quelle dr\u00f4le de co\u00efncidence, quand m\u00eame, elle se cherchait justement un nouveau d\u00e9fi !<\/p>\n<p><\/p>\n<p><\/p>\n<p>\u00a0<\/p>\n<p><\/p>\n<p><\/p>\n<p><strong>Gilles Pohu- Administrateur<\/strong><\/p>\n<p><img loading=\"lazy\" decoding=\"async\" src=\"https:\/\/www.auteures-auteurs-outaouais.org\/wp-content\/uploads\/2024\/05\/GillesPohu-241x300.jpg\" alt=\"\" width=\"169\" height=\"210\" \/><\/p>\n<p>Gilles Pohu poss\u00e8de une formation de base en sciences, en psychologie et en communication.<\/p>\n<p>Depuis une vingtaine d\u2019ann\u00e9es, travailleur autonome, il offre ses services en formation et en production de documents.<\/p>\n<p>Afin de donner suite \u00e0 la demande d\u2019un de ses clients pour pr\u00e9parer et offrir un atelier sur\u00a0: <em>\u00ab\u2009L\u2019art de donner de la r\u00e9troaction<\/em>\u2009\u00bb, il a d\u00e9velopp\u00e9 \u00ab<em>\u2009Feedback<\/em>\u2009\u00bb, un mod\u00e8le de r\u00e9troaction qui se veut une synth\u00e8se de son exp\u00e9rience et de ses connaissances dans le domaine des relations humaines et de la gestion. Apr\u00e8s ce premier livre, il a publi\u00e9\u00a0: \u00ab\u2009<em>Les 16\u00a0Aspects de Jacques Desgagn\u00e9s\u2009<\/em>\u00bb, \u00ab\u2009<em>Jean de Boule, Jean de Meule et Jean de Merisier<\/em>\u2009\u00bb et, plus r\u00e9cemment, un roman intitul\u00e9 \u00ab\u2009<em>Le village des Mages<\/em>\u2009\u00bb.<\/p>\n<p><\/p>\n<p><\/p>\n<p><\/p>\n<p><\/p>\n<p><strong>Ghislain Larocque &#8211; Administrateur<\/strong><\/p>\n<p><strong><img loading=\"lazy\" decoding=\"async\" src=\"https:\/\/www.auteures-auteurs-outaouais.org\/wp-content\/uploads\/2024\/05\/GhislainLarocque-169x300.jpeg\" alt=\"\" width=\"169\" height=\"300\" \/><\/strong><\/p>\n<p>Ghislain Larocque est avant tout un p\u00e8re de famille ayant v\u00e9cu de l&rsquo;intimidation, et est aussi t\u00e9moin de voir ses enfants souffrir dans cette atmosph\u00e8re. Conf\u00e9rencier, com\u00e9dien et auteur depuis 2013 sur l&rsquo;acceptation de soi, sur l&rsquo;intimidation et comment vaincre ses peurs; il nous parle avec passion et humour de sa vie, ses \u00e9motions, ses peurs et surtout de la r\u00e9alit\u00e9 de la vie.<\/p>\n<p><span style=\"font-size: 16px;\">Maintenant 8 livres publi\u00e9s.<\/span><\/p>\n<p><\/p>\n<p><\/p>\n<p><\/p>\n<p><\/p>\n<p><strong>Annie Saint-Jean<\/strong> &#8211; <strong>A<\/strong><strong>dministratrice<\/strong><\/p>\n<p><img loading=\"lazy\" decoding=\"async\" src=\"https:\/\/www.auteures-auteurs-outaouais.org\/wp-content\/uploads\/2024\/05\/AnnieStJean_photo-300x200.jpg\" alt=\"\" width=\"185\" height=\"123\" \/><\/p>\n<p>Slammestre officielle de SlamOutaouais \u00e0 la Ligue qu\u00e9b\u00e9coise de slam, coordonnatrice du Grand slam du secondaire et slameuse, Annie St-Jean se passionne pour le slam. Elle a particip\u00e9 \u00e0 de nombreux Grand slam national, dont celui qui a m\u00e9daill\u00e9 d\u2019or son \u00e9quipe. Elle est \u00e9galement une des six slameurs mis en vedette dans le documentaire \u00ab Je slame, tu slames \u00bb, diffus\u00e9 au printemps 2021 et encore disponible en ligne. Dipl\u00f4m\u00e9e en didactique et en r\u00e9daction professionnelle, elle est enseignante de fran\u00e7ais au secondaire au quotidien et po\u00e8te dans l\u2019\u00e2me en tout temps. Publi\u00e9e dans cinq collectifs de slams qu\u00e9b\u00e9cois, elle fait partie de la premi\u00e8re anthologie de slam qu\u00e9b\u00e9cois et de la premi\u00e8re anthologie de slam f\u00e9minin qu\u00e9b\u00e9cois. Elle a dirig\u00e9 le dernier collectif, recueil soulignant le 10e anniversaire de son \u00e9quipe: \u00ab SlamOutaouais, 10 ans de parole \u00bb. Po\u00e8te, mais aussi \u00e9crivaine, elle a publi\u00e9 chez Vents d\u2019Ouest \u00ab Le r\u00eave de Sadako \u00bb, son premier roman jeunesse.<\/p>\n<p>\u00a0<\/p>\n<p>\u00a0<\/p>\n<p>\u00a0<\/p>\n<p><\/p>\t\t\t\t\t\t\t\t<\/div>\n\t\t\t\t<\/div>\n\t\t\t\t\t<\/div>\n\t\t<\/div>\n\t\t\t\t\t<\/div>\n\t\t<\/section>\n\t\t\t\t<\/div>","protected":false},"excerpt":{"rendered":"<p>CONSEIL D&rsquo;ADMINISTRATION \u00a02023-2024 * De gauche \u00e0 droite : Guy B\u00e9lizaire, Val\u00e9rie-Myriam Manseau, Annie St-Jean, Ghislain Larocque, Gilles Pohu, Th\u00e9r\u00e8se B\u00e9land et [&hellip;]<\/p>\n","protected":false},"author":1,"featured_media":0,"parent":0,"menu_order":0,"comment_status":"closed","ping_status":"closed","template":"","meta":{"footnotes":""},"class_list":["post-547","page","type-page","status-publish","hentry"],"_links":{"self":[{"href":"https:\/\/www.auteures-auteurs-outaouais.org\/en\/wp-json\/wp\/v2\/pages\/547","targetHints":{"allow":["GET"]}}],"collection":[{"href":"https:\/\/www.auteures-auteurs-outaouais.org\/en\/wp-json\/wp\/v2\/pages"}],"about":[{"href":"https:\/\/www.auteures-auteurs-outaouais.org\/en\/wp-json\/wp\/v2\/types\/page"}],"author":[{"embeddable":true,"href":"https:\/\/www.auteures-auteurs-outaouais.org\/en\/wp-json\/wp\/v2\/users\/1"}],"replies":[{"embeddable":true,"href":"https:\/\/www.auteures-auteurs-outaouais.org\/en\/wp-json\/wp\/v2\/comments?post=547"}],"version-history":[{"count":48,"href":"https:\/\/www.auteures-auteurs-outaouais.org\/en\/wp-json\/wp\/v2\/pages\/547\/revisions"}],"predecessor-version":[{"id":3414,"href":"https:\/\/www.auteures-auteurs-outaouais.org\/en\/wp-json\/wp\/v2\/pages\/547\/revisions\/3414"}],"wp:attachment":[{"href":"https:\/\/www.auteures-auteurs-outaouais.org\/en\/wp-json\/wp\/v2\/media?parent=547"}],"curies":[{"name":"wp","href":"https:\/\/api.w.org\/{rel}","templated":true}]}}