{"id":540,"date":"2024-05-02T11:24:10","date_gmt":"2024-05-02T15:24:10","guid":{"rendered":"https:\/\/www.auteures-auteurs-outaouais.org\/?page_id=540"},"modified":"2025-09-29T09:45:38","modified_gmt":"2025-09-29T13:45:38","slug":"nouvelles","status":"publish","type":"page","link":"https:\/\/www.auteures-auteurs-outaouais.org\/en\/nouvelles\/","title":{"rendered":"Nouvelles"},"content":{"rendered":"<div data-elementor-type=\"wp-page\" data-elementor-id=\"540\" class=\"elementor elementor-540\">\n\t\t\t\t\t\t<section class=\"elementor-section elementor-top-section elementor-element elementor-element-1c72bdeb elementor-section-boxed elementor-section-height-default elementor-section-height-default\" data-id=\"1c72bdeb\" data-element_type=\"section\" data-e-type=\"section\">\n\t\t\t\t\t\t<div class=\"elementor-container elementor-column-gap-default\">\n\t\t\t\t\t<div class=\"elementor-column elementor-col-100 elementor-top-column elementor-element elementor-element-e0583f9\" data-id=\"e0583f9\" data-element_type=\"column\" data-e-type=\"column\">\n\t\t\t<div class=\"elementor-widget-wrap elementor-element-populated\">\n\t\t\t\t\t\t<div class=\"elementor-element elementor-element-22105fe1 elementor-widget__width-initial elementor-widget elementor-widget-text-editor\" data-id=\"22105fe1\" data-element_type=\"widget\" data-e-type=\"widget\" data-widget_type=\"text-editor.default\">\n\t\t\t\t<div class=\"elementor-widget-container\">\n\t\t\t\t\t\t\t\t\t<p><\/p>\n<h1 class=\"wp-block-heading\">Nouvelle parution pour Christian Quesnel<\/h1>\n<h3>Transmission<br>Les h\u00e9ritages de la Baie-James<\/h3>\n<p>Le samedi 20 septembre 2025, vous \u00eates invit\u00e9.es au 5 \u00e0 7 pour c\u00e9l\u00e9brer la nouvelle parution d\u2019Annie Desrochers et de Christian Quesnel.<\/p>\n<p><img fetchpriority=\"high\" decoding=\"async\" class=\"aligncenter wp-image-3557 size-large\" src=\"https:\/\/www.auteures-auteurs-outaouais.org\/wp-content\/uploads\/2025\/09\/538270489_1369615328503312_5091716579231874979_n-1024x512.jpg\" alt=\"\" width=\"1024\" height=\"512\" srcset=\"https:\/\/www.auteures-auteurs-outaouais.org\/wp-content\/uploads\/2025\/09\/538270489_1369615328503312_5091716579231874979_n-1024x512.jpg 1024w, https:\/\/www.auteures-auteurs-outaouais.org\/wp-content\/uploads\/2025\/09\/538270489_1369615328503312_5091716579231874979_n-scaled-800x400.jpg 800w, https:\/\/www.auteures-auteurs-outaouais.org\/wp-content\/uploads\/2025\/09\/538270489_1369615328503312_5091716579231874979_n-300x150.jpg 300w, https:\/\/www.auteures-auteurs-outaouais.org\/wp-content\/uploads\/2025\/09\/538270489_1369615328503312_5091716579231874979_n-768x384.jpg 768w, https:\/\/www.auteures-auteurs-outaouais.org\/wp-content\/uploads\/2025\/09\/538270489_1369615328503312_5091716579231874979_n-1536x768.jpg 1536w, https:\/\/www.auteures-auteurs-outaouais.org\/wp-content\/uploads\/2025\/09\/538270489_1369615328503312_5091716579231874979_n-2048x1024.jpg 2048w, https:\/\/www.auteures-auteurs-outaouais.org\/wp-content\/uploads\/2025\/09\/538270489_1369615328503312_5091716579231874979_n-18x9.jpg 18w, https:\/\/www.auteures-auteurs-outaouais.org\/wp-content\/uploads\/2025\/09\/538270489_1369615328503312_5091716579231874979_n-1000x500.jpg 1000w, https:\/\/www.auteures-auteurs-outaouais.org\/wp-content\/uploads\/2025\/09\/538270489_1369615328503312_5091716579231874979_n-230x115.jpg 230w, https:\/\/www.auteures-auteurs-outaouais.org\/wp-content\/uploads\/2025\/09\/538270489_1369615328503312_5091716579231874979_n-350x175.jpg 350w, https:\/\/www.auteures-auteurs-outaouais.org\/wp-content\/uploads\/2025\/09\/538270489_1369615328503312_5091716579231874979_n-480x240.jpg 480w\" sizes=\"(max-width: 1024px) 100vw, 1024px\" \/><\/p>\n<h1>&nbsp;<\/h1>\n<h1>\u00c0 la rencontre de l&rsquo;auteur<\/h1>\n<p><img decoding=\"async\" class=\"wp-image-3303 aligncenter\" src=\"https:\/\/www.auteures-auteurs-outaouais.org\/wp-content\/uploads\/2025\/04\/488853271_9520948457999791_5698838532682626949_n.jpg\" alt=\"\" width=\"367\" height=\"193\" srcset=\"https:\/\/www.auteures-auteurs-outaouais.org\/wp-content\/uploads\/2025\/04\/488853271_9520948457999791_5698838532682626949_n.jpg 960w, https:\/\/www.auteures-auteurs-outaouais.org\/wp-content\/uploads\/2025\/04\/488853271_9520948457999791_5698838532682626949_n-800x419.jpg 800w, https:\/\/www.auteures-auteurs-outaouais.org\/wp-content\/uploads\/2025\/04\/488853271_9520948457999791_5698838532682626949_n-300x157.jpg 300w, https:\/\/www.auteures-auteurs-outaouais.org\/wp-content\/uploads\/2025\/04\/488853271_9520948457999791_5698838532682626949_n-768x402.jpg 768w, https:\/\/www.auteures-auteurs-outaouais.org\/wp-content\/uploads\/2025\/04\/488853271_9520948457999791_5698838532682626949_n-18x9.jpg 18w\" sizes=\"(max-width: 367px) 100vw, 367px\" \/><\/p>\n<p>Certaines auteurs et certaines auteures de l&rsquo;Association des auteurs et auteures de l&rsquo;Outaouais font une apparition dans la mini-s\u00e9rie <span style=\"text-decoration: underline;\"><em><a href=\"https:\/\/www.auteures-auteurs-outaouais.org\/en\/medias\/\">\u00c0 la rencontre de l&rsquo;auteur.e<\/a>.<\/em><\/span><\/p>\n<p class=\"x_MsoNormal\">\n<\/p><h1>Nouveau recueil de po\u00e9sie pour Ren\u00e9 Leduc<\/h1>\n<h3>Po\u00e9sie d\u2019avril 2025<\/h3>\n<p><img decoding=\"async\" class=\"alignnone wp-image-3561 size-medium\" src=\"https:\/\/www.auteures-auteurs-outaouais.org\/wp-content\/uploads\/2025\/09\/543119222_122169930506384758_8367229138990877845_n-232x300.jpg\" alt=\"\" width=\"232\" height=\"300\" srcset=\"https:\/\/www.auteures-auteurs-outaouais.org\/wp-content\/uploads\/2025\/09\/543119222_122169930506384758_8367229138990877845_n-232x300.jpg 232w, https:\/\/www.auteures-auteurs-outaouais.org\/wp-content\/uploads\/2025\/09\/543119222_122169930506384758_8367229138990877845_n-768x993.jpg 768w, https:\/\/www.auteures-auteurs-outaouais.org\/wp-content\/uploads\/2025\/09\/543119222_122169930506384758_8367229138990877845_n-9x12.jpg 9w, https:\/\/www.auteures-auteurs-outaouais.org\/wp-content\/uploads\/2025\/09\/543119222_122169930506384758_8367229138990877845_n-230x297.jpg 230w, https:\/\/www.auteures-auteurs-outaouais.org\/wp-content\/uploads\/2025\/09\/543119222_122169930506384758_8367229138990877845_n-350x452.jpg 350w, https:\/\/www.auteures-auteurs-outaouais.org\/wp-content\/uploads\/2025\/09\/543119222_122169930506384758_8367229138990877845_n-480x620.jpg 480w, https:\/\/www.auteures-auteurs-outaouais.org\/wp-content\/uploads\/2025\/09\/543119222_122169930506384758_8367229138990877845_n.jpg 783w\" sizes=\"(max-width: 232px) 100vw, 232px\" \/><\/p>\n<p>\u00ab\u2009Ce recueil de po\u00e8mes relate mon exp\u00e9rience du mois d\u2019avril\u20092025, notamment celle de faire face au deuil et de le surmonter gr\u00e2ce \u00e0 la po\u00e9sie. C\u2019est une r\u00e9trospective de ce mois consacr\u00e9 \u00e0 la po\u00e9sie. J\u2019ai tent\u00e9 de relever le d\u00e9fi d\u2019\u00e9crire un po\u00e8me par jour pendant 30 jours.\u2009\u00bb<\/p>\n<p><\/p>\n<p><\/p>\t\t\t\t\t\t\t\t<\/div>\n\t\t\t\t<\/div>\n\t\t\t\t\t<\/div>\n\t\t<\/div>\n\t\t\t\t\t<\/div>\n\t\t<\/section>\n\t\t\t\t<\/div>","protected":false},"excerpt":{"rendered":"<p>Nouvelle parution pour Christian Quesnel TransmissionLes h\u00e9ritages de la Baie-James Le samedi 20 septembre 2025, vous \u00eates invit\u00e9.es au 5 \u00e0 7 [&hellip;]<\/p>\n","protected":false},"author":1,"featured_media":0,"parent":0,"menu_order":0,"comment_status":"closed","ping_status":"closed","template":"","meta":{"footnotes":""},"class_list":["post-540","page","type-page","status-publish","hentry"],"_links":{"self":[{"href":"https:\/\/www.auteures-auteurs-outaouais.org\/en\/wp-json\/wp\/v2\/pages\/540","targetHints":{"allow":["GET"]}}],"collection":[{"href":"https:\/\/www.auteures-auteurs-outaouais.org\/en\/wp-json\/wp\/v2\/pages"}],"about":[{"href":"https:\/\/www.auteures-auteurs-outaouais.org\/en\/wp-json\/wp\/v2\/types\/page"}],"author":[{"embeddable":true,"href":"https:\/\/www.auteures-auteurs-outaouais.org\/en\/wp-json\/wp\/v2\/users\/1"}],"replies":[{"embeddable":true,"href":"https:\/\/www.auteures-auteurs-outaouais.org\/en\/wp-json\/wp\/v2\/comments?post=540"}],"version-history":[{"count":254,"href":"https:\/\/www.auteures-auteurs-outaouais.org\/en\/wp-json\/wp\/v2\/pages\/540\/revisions"}],"predecessor-version":[{"id":3580,"href":"https:\/\/www.auteures-auteurs-outaouais.org\/en\/wp-json\/wp\/v2\/pages\/540\/revisions\/3580"}],"wp:attachment":[{"href":"https:\/\/www.auteures-auteurs-outaouais.org\/en\/wp-json\/wp\/v2\/media?parent=540"}],"curies":[{"name":"wp","href":"https:\/\/api.w.org\/{rel}","templated":true}]}}