{"id":530,"date":"2024-05-02T11:21:39","date_gmt":"2024-05-02T15:21:39","guid":{"rendered":"https:\/\/www.auteures-auteurs-outaouais.org\/?page_id=530"},"modified":"2024-07-11T14:33:54","modified_gmt":"2024-07-11T18:33:54","slug":"mission","status":"publish","type":"page","link":"https:\/\/www.auteures-auteurs-outaouais.org\/en\/mission\/","title":{"rendered":"Mission"},"content":{"rendered":"<div data-elementor-type=\"wp-page\" data-elementor-id=\"530\" class=\"elementor elementor-530\">\n\t\t\t\t\t\t<section class=\"elementor-section elementor-top-section elementor-element elementor-element-551c0ce6 elementor-section-boxed elementor-section-height-default elementor-section-height-default\" data-id=\"551c0ce6\" data-element_type=\"section\" data-e-type=\"section\">\n\t\t\t\t\t\t<div class=\"elementor-container elementor-column-gap-default\">\n\t\t\t\t\t<div class=\"elementor-column elementor-col-100 elementor-top-column elementor-element elementor-element-574e7179\" data-id=\"574e7179\" data-element_type=\"column\" data-e-type=\"column\">\n\t\t\t<div class=\"elementor-widget-wrap elementor-element-populated\">\n\t\t\t\t\t\t<div class=\"elementor-element elementor-element-27374555 elementor-widget elementor-widget-text-editor\" data-id=\"27374555\" data-element_type=\"widget\" data-e-type=\"widget\" data-widget_type=\"text-editor.default\">\n\t\t\t\t<div class=\"elementor-widget-container\">\n\t\t\t\t\t\t\t\t\t<p><\/p>\n<h1><b>M<\/b>ission<\/h1>\n<p>Regrouper les auteurs et les auteures de l\u2019Outaouais, leur offrir une voix et les soutenir dans leur d\u00e9veloppement artistique tout en faisant rayonner le dynamisme de notre milieu litt\u00e9raire aux niveaux r\u00e9gional, national et international.<\/p>\n<p>Qu&rsquo;est ce que cela implique dans la r\u00e9alit\u00e9:<\/p>\n<ul>\n<li>Contribuer \u00e0 la professionnalisation en offrant des formation adapt\u00e9es aux divers genres litt\u00e9raire.<\/li>\n<li>Offrir des activit\u00e9s de r\u00e9seautage pour favoriser les \u00e9changes et le partage de connaissances.<\/li>\n<li>Promouvoir les auteurs et leurs oeuvres en mettant en place des occasions pour vendre leurs livres ( Salon du livre, kiosque en march\u00e9, participation \u00e0 des foires marchandes locales, r\u00e9gionales et partout \u00e0 travers le Qu\u00e9bec). Faire conna\u00eetre les auteurs \u00e0 travers divers m\u00e9dias (t\u00e9l\u00e9vision, internet, balados, journaux) et par l&rsquo;entremise de d&rsquo;autres organismes culturels.<\/li>\n<li>Soutenir les auteurs dans leur d\u00e9marche de publication de livre.<\/li>\n<\/ul>\n<p><\/p>\n<p><\/p>\n<p><\/p>\n<p><\/p>\n<p><\/p>\n<p><\/p>\n<p><\/p>\n<p><\/p>\n<p><\/p>\n<p><\/p>\n<p><\/p>\n<p><\/p>\n<p><\/p>\n<p><\/p>\n<p><\/p>\t\t\t\t\t\t\t\t<\/div>\n\t\t\t\t<\/div>\n\t\t\t\t\t<\/div>\n\t\t<\/div>\n\t\t\t\t\t<\/div>\n\t\t<\/section>\n\t\t\t\t<\/div>","protected":false},"excerpt":{"rendered":"<p>Mission Regrouper les auteurs et les auteures de l\u2019Outaouais, leur offrir une voix et les soutenir dans leur d\u00e9veloppement artistique tout en [&hellip;]<\/p>\n","protected":false},"author":1,"featured_media":0,"parent":0,"menu_order":0,"comment_status":"closed","ping_status":"closed","template":"","meta":{"footnotes":""},"class_list":["post-530","page","type-page","status-publish","hentry"],"_links":{"self":[{"href":"https:\/\/www.auteures-auteurs-outaouais.org\/en\/wp-json\/wp\/v2\/pages\/530","targetHints":{"allow":["GET"]}}],"collection":[{"href":"https:\/\/www.auteures-auteurs-outaouais.org\/en\/wp-json\/wp\/v2\/pages"}],"about":[{"href":"https:\/\/www.auteures-auteurs-outaouais.org\/en\/wp-json\/wp\/v2\/types\/page"}],"author":[{"embeddable":true,"href":"https:\/\/www.auteures-auteurs-outaouais.org\/en\/wp-json\/wp\/v2\/users\/1"}],"replies":[{"embeddable":true,"href":"https:\/\/www.auteures-auteurs-outaouais.org\/en\/wp-json\/wp\/v2\/comments?post=530"}],"version-history":[{"count":19,"href":"https:\/\/www.auteures-auteurs-outaouais.org\/en\/wp-json\/wp\/v2\/pages\/530\/revisions"}],"predecessor-version":[{"id":1628,"href":"https:\/\/www.auteures-auteurs-outaouais.org\/en\/wp-json\/wp\/v2\/pages\/530\/revisions\/1628"}],"wp:attachment":[{"href":"https:\/\/www.auteures-auteurs-outaouais.org\/en\/wp-json\/wp\/v2\/media?parent=530"}],"curies":[{"name":"wp","href":"https:\/\/api.w.org\/{rel}","templated":true}]}}