{"id":133,"date":"2018-07-27T16:53:10","date_gmt":"2018-07-27T16:53:10","guid":{"rendered":"https:\/\/www.auteures-auteurs-outaouais.org\/?page_id=2"},"modified":"2025-03-12T11:06:26","modified_gmt":"2025-03-12T15:06:26","slug":"home","status":"publish","type":"page","link":"https:\/\/www.auteures-auteurs-outaouais.org\/en\/home\/","title":{"rendered":"Home"},"content":{"rendered":"<h2 style=\"text-align: center;\"><b>BIENVENUE \u00e0 l&rsquo;AAAO<\/b><\/h2>\n<p style=\"text-align: center;\"><a href=\"https:\/\/www.auteures-auteurs-outaouais.org\/en\/activites\/\"><br \/>\n<\/a><a href=\"https:\/\/www.auteures-auteurs-outaouais.org\/en\/nouvelles\/\">Vous voulez savoir ce qui se passe \u00e0 l&rsquo;AAAO ? Cliquez ici !<\/a><a href=\"https:\/\/www.auteures-auteurs-outaouais.org\/en\/activites\/\"><br \/>\n<\/a><\/p>\n<figure><img decoding=\"async\" src=\"https:\/\/www.auteures-auteurs-outaouais.org\/wp-content\/uploads\/2018\/07\/icon-G_S.2.png\" alt=\"\" width=\"151\" height=\"151\" \/><\/figure>\n<h2 style=\"text-align: center;\">Devenez membre<\/h2>\n<p style=\"text-align: center;\">Profitez de notre r\u00e9seau et des avantages d\u2019\u00eatre membre de l\u2019AAAO!<\/p>\n<p style=\"text-align: center;\"><a href=\"#\"><br \/>\n<\/a><a href=\"https:\/\/forms.gle\/gcNaoVaNWvRcyWdf8\">En savoir plus !<\/a><a href=\"#\"><br \/>\n<\/a><\/p>\n<figure><img decoding=\"async\" class=\"aligncenter\" src=\"https:\/\/www.auteures-auteurs-outaouais.org\/wp-content\/uploads\/2018\/07\/icon-G_S.4.png\" alt=\"\" width=\"151\" height=\"151\" \/><\/figure>\n<h2 style=\"text-align: center;\">Nos services<\/h2>\n<p style=\"text-align: center;\">L\u2019AAAO soutient les auteur.e.s dans leurs d\u00e9marches, que ce soit gr\u00e2ce \u00e0 des formations cibl\u00e9es ou en favorisant leur pr\u00e9sence dans des salons litt\u00e9raires!<\/p>\n<p style=\"text-align: center;\"><a href=\"#\"><br \/>\n<\/a><a href=\"https:\/\/www.auteures-auteurs-outaouais.org\/en\/fr\/services-2\/\">En savoir plus !<\/a><a href=\"#\"><br \/>\n<\/a><\/p>\n<figure><img decoding=\"async\" class=\"aligncenter\" src=\"https:\/\/www.auteures-auteurs-outaouais.org\/wp-content\/uploads\/2018\/07\/icon-G_S.3.png\" alt=\"\" width=\"151\" height=\"151\" \/><\/figure>\n<h2 style=\"text-align: center;\">Nos activit\u00e9s<\/h2>\n<p style=\"text-align: center;\">Nous sommes actifs tout au long de l\u2019ann\u00e9e! Joignez-vous \u00e0 nos activit\u00e9s!<\/p>\n<p style=\"text-align: center;\"><a href=\"https:\/\/www.auteures-auteurs-outaouais.org\/en\/activites\/\"><br \/>\nEn savoir plus!<br \/>\n<\/a><\/p>\n<h1><\/h1>\n<h1 style=\"text-align: center;\">EN VEDETTE<\/h1>\n<p>&nbsp;<\/p>\n<h2><img loading=\"lazy\" decoding=\"async\" class=\"alignnone size-large wp-image-3181\" src=\"https:\/\/www.auteures-auteurs-outaouais.org\/wp-content\/uploads\/2025\/01\/438304048_10169120070745207_2580911770472574795_n-1024x521.jpg\" alt=\"\" width=\"1024\" height=\"521\" srcset=\"https:\/\/www.auteures-auteurs-outaouais.org\/wp-content\/uploads\/2025\/01\/438304048_10169120070745207_2580911770472574795_n-1024x521.jpg 1024w, https:\/\/www.auteures-auteurs-outaouais.org\/wp-content\/uploads\/2025\/01\/438304048_10169120070745207_2580911770472574795_n-800x407.jpg 800w, https:\/\/www.auteures-auteurs-outaouais.org\/wp-content\/uploads\/2025\/01\/438304048_10169120070745207_2580911770472574795_n-300x153.jpg 300w, https:\/\/www.auteures-auteurs-outaouais.org\/wp-content\/uploads\/2025\/01\/438304048_10169120070745207_2580911770472574795_n-768x390.jpg 768w, https:\/\/www.auteures-auteurs-outaouais.org\/wp-content\/uploads\/2025\/01\/438304048_10169120070745207_2580911770472574795_n-1536x781.jpg 1536w, https:\/\/www.auteures-auteurs-outaouais.org\/wp-content\/uploads\/2025\/01\/438304048_10169120070745207_2580911770472574795_n-18x9.jpg 18w, https:\/\/www.auteures-auteurs-outaouais.org\/wp-content\/uploads\/2025\/01\/438304048_10169120070745207_2580911770472574795_n.jpg 1920w\" sizes=\"(max-width: 1024px) 100vw, 1024px\" \/><\/h2>\n<h2>\u00c0 propos de l&rsquo;AAAO<\/h2>\n<p>L\u2019Association des auteurs et auteures de l\u2019Outaouais (AAAO) a \u00e9t\u00e9 cr\u00e9\u00e9e en novembre 1979 par un groupe d\u2019amis, Serge Dion, Jacques Michaud, Andr\u00e9 Couture et Serge Th\u00e9riault, dont la motivation premi\u00e8re \u00e9tait de regrouper les auteures et auteurs de l\u2019Outaouais afin de promouvoir la litt\u00e9rature.<\/p>\n<p>En plus de s\u2019acquitter de cette mission, l\u2019AAAO pr\u00eate sa voix aux auteur.e.s et les soutient dans leur cheminement artistique, tout en faisant rayonner le dynamisme du milieu litt\u00e9raire aux niveaux r\u00e9gional et national, voire \u00e0 l\u2019international!<\/p>\n<p>Afin d\u2019accomplir son mandat, l\u2019AAAO s\u2019est dot\u00e9e d\u2019un plan d\u2019action avec des objectifs pr\u00e9cis, dont les suivants :<\/p>\n<p>\u2013 D\u00e9velopper des partenariats constructifs.<\/p>\n<p>\u2013 Construire des liens de r\u00e9seautage avec d\u2019autres<br \/>\norganisations.<\/p>\n<p>\u2013 Augmenter le rayonnement et la visibilit\u00e9 de l\u2019AAAO.<\/p>\n<p>\u2013 Donner de la visibilit\u00e9 \u00e0 toute la communaut\u00e9 litt\u00e9raire.<\/p>\n<p>&nbsp;<\/p>\n<h1>NOS PARTENAIRES<\/h1>\n<p><img loading=\"lazy\" decoding=\"async\" class=\"wp-image-3250 alignleft\" src=\"https:\/\/www.auteures-auteurs-outaouais.org\/wp-content\/uploads\/2025\/03\/VilleGat_capecran.png\" alt=\"\" width=\"168\" height=\"101\" srcset=\"https:\/\/www.auteures-auteurs-outaouais.org\/wp-content\/uploads\/2025\/03\/VilleGat_capecran.png 631w, https:\/\/www.auteures-auteurs-outaouais.org\/wp-content\/uploads\/2025\/03\/VilleGat_capecran-300x180.png 300w, https:\/\/www.auteures-auteurs-outaouais.org\/wp-content\/uploads\/2025\/03\/VilleGat_capecran-18x12.png 18w\" sizes=\"(max-width: 168px) 100vw, 168px\" \/><img loading=\"lazy\" decoding=\"async\" class=\"wp-image-1990 aligncenter\" src=\"https:\/\/www.auteures-auteurs-outaouais.org\/wp-content\/uploads\/2024\/07\/BRIGIL_logo-1024x1024.png\" alt=\"\" width=\"198\" height=\"198\" srcset=\"https:\/\/www.auteures-auteurs-outaouais.org\/wp-content\/uploads\/2024\/07\/BRIGIL_logo-1024x1024.png 1024w, https:\/\/www.auteures-auteurs-outaouais.org\/wp-content\/uploads\/2024\/07\/BRIGIL_logo-420x420.png 420w, https:\/\/www.auteures-auteurs-outaouais.org\/wp-content\/uploads\/2024\/07\/BRIGIL_logo-100x100.png 100w, https:\/\/www.auteures-auteurs-outaouais.org\/wp-content\/uploads\/2024\/07\/BRIGIL_logo-800x800.png 800w, https:\/\/www.auteures-auteurs-outaouais.org\/wp-content\/uploads\/2024\/07\/BRIGIL_logo-300x300.png 300w, https:\/\/www.auteures-auteurs-outaouais.org\/wp-content\/uploads\/2024\/07\/BRIGIL_logo-150x150.png 150w, https:\/\/www.auteures-auteurs-outaouais.org\/wp-content\/uploads\/2024\/07\/BRIGIL_logo-768x768.png 768w, https:\/\/www.auteures-auteurs-outaouais.org\/wp-content\/uploads\/2024\/07\/BRIGIL_logo-12x12.png 12w, https:\/\/www.auteures-auteurs-outaouais.org\/wp-content\/uploads\/2024\/07\/BRIGIL_logo-600x600.png 600w, https:\/\/www.auteures-auteurs-outaouais.org\/wp-content\/uploads\/2024\/07\/BRIGIL_logo.png 1079w\" sizes=\"(max-width: 198px) 100vw, 198px\" \/><img loading=\"lazy\" decoding=\"async\" class=\"alignnone size-full wp-image-3251\" src=\"https:\/\/www.auteures-auteurs-outaouais.org\/wp-content\/uploads\/2025\/03\/slamoutaouaislogo.jpg\" alt=\"\" width=\"214\" height=\"131\" srcset=\"https:\/\/www.auteures-auteurs-outaouais.org\/wp-content\/uploads\/2025\/03\/slamoutaouaislogo.jpg 214w, https:\/\/www.auteures-auteurs-outaouais.org\/wp-content\/uploads\/2025\/03\/slamoutaouaislogo-18x12.jpg 18w\" sizes=\"(max-width: 214px) 100vw, 214px\" \/><\/p>\n<p>&nbsp;<\/p>\n<p><a href=\"https:\/\/www.auteures-auteurs-outaouais.org\/wp-content\/uploads\/2024\/07\/Ville-de-Gat-plein.tif\"><img decoding=\"async\" src=\"https:\/\/www.auteures-auteurs-outaouais.org\/wp-content\/uploads\/2024\/07\/Ville-de-Gat-plein.tif\" alt=\"\" \/><\/a><\/p>","protected":false},"excerpt":{"rendered":"<p>BIENVENUE \u00e0 l&rsquo;AAAO Vous voulez savoir ce qui se passe \u00e0 l&rsquo;AAAO ? Cliquez ici ! Devenez membre Profitez de notre r\u00e9seau [&hellip;]<\/p>\n","protected":false},"author":1,"featured_media":0,"parent":0,"menu_order":0,"comment_status":"closed","ping_status":"open","template":"","meta":{"footnotes":""},"class_list":["post-133","page","type-page","status-publish","hentry"],"_links":{"self":[{"href":"https:\/\/www.auteures-auteurs-outaouais.org\/en\/wp-json\/wp\/v2\/pages\/133","targetHints":{"allow":["GET"]}}],"collection":[{"href":"https:\/\/www.auteures-auteurs-outaouais.org\/en\/wp-json\/wp\/v2\/pages"}],"about":[{"href":"https:\/\/www.auteures-auteurs-outaouais.org\/en\/wp-json\/wp\/v2\/types\/page"}],"author":[{"embeddable":true,"href":"https:\/\/www.auteures-auteurs-outaouais.org\/en\/wp-json\/wp\/v2\/users\/1"}],"replies":[{"embeddable":true,"href":"https:\/\/www.auteures-auteurs-outaouais.org\/en\/wp-json\/wp\/v2\/comments?post=133"}],"version-history":[{"count":157,"href":"https:\/\/www.auteures-auteurs-outaouais.org\/en\/wp-json\/wp\/v2\/pages\/133\/revisions"}],"predecessor-version":[{"id":3252,"href":"https:\/\/www.auteures-auteurs-outaouais.org\/en\/wp-json\/wp\/v2\/pages\/133\/revisions\/3252"}],"wp:attachment":[{"href":"https:\/\/www.auteures-auteurs-outaouais.org\/en\/wp-json\/wp\/v2\/media?parent=133"}],"curies":[{"name":"wp","href":"https:\/\/api.w.org\/{rel}","templated":true}]}}